{"id":1014,"date":"2025-07-02T23:53:29","date_gmt":"2025-07-02T21:53:29","guid":{"rendered":"https:\/\/adam-watermotors.de\/?post_type=product&#038;p=1014"},"modified":"2025-07-03T00:24:04","modified_gmt":"2025-07-02T22:24:04","slug":"fx-svho","status":"publish","type":"product","link":"https:\/\/adam-watermotors.de\/pl\/waverunner\/fx-svho\/","title":{"rendered":"FX SVHO"},"content":{"rendered":"<div class=\"styled__ContainerStyled-sc-1pg5x44-0 ixRWEV\">\n<div class=\"Row-sc-1t8ifd-0 styled__RowStyled-sc-2pzm2i-0 hIhdaX hpWEtG\">\n<div class=\"Col__CommonColStyled-sc-1vakr7x-0 Col-sc-1vakr7x-1 AibYF lnMkcd\">\n<div class=\"et_pb_module et_pb_text et_pb_text_4_tb_body et_pb_text_align_left et_pb_bg_layout_light\">\n<div class=\"et_pb_text_inner\">\n<h2 class=\"typography__HeadingLevel2-sc-17h5z1x-1 styled__HeadingLevel2Styled-sc-2pzm2i-1 ecXnVa jNUtxF\"><strong>Zrewolucjonizuj swoj\u0105 przygod\u0119.<\/strong><\/h2>\n<p class=\"typography__RegularTextLevel3-sc-17h5z1x-6 styled__RegularTextLevel3Styled-sc-2pzm2i-2 llHpNi kayiqw\">Nie uznajemy kompromis\u00f3w, je\u015bli chodzi o komfort i osi\u0105gi. Silnik SVHO z do\u0142adowaniem i pot\u0119\u017cny kad\u0142ub doskonale ze sob\u0105 wsp\u00f3\u0142graj\u0105: p\u0142ynne, imponuj\u0105ce osi\u0105gi w po\u0142\u0105czeniu ze stabilnym, zwinnym prowadzeniem i wysokim poziomem komfortu jazdy.<\/p>\n<p class=\"typography__RegularTextLevel3-sc-17h5z1x-6 llHpNi\">Najnowocze\u015bniejsza technologia i innowacje s\u0105 opakowane w ten osza\u0142amiaj\u0105cy projekt z naszym rewolucyjnym i intuicyjnym systemem sterowania RiDE\u00ae, adaptacyjnym elektronicznym systemem trymowania, tempomatem i zintegrowanymi funkcjami bezpiecze\u0144stwa. FX SVHO jest teraz r\u00f3wnie\u017c wyposa\u017cony w zintegrowany system audio Yamaha Music, zapewniaj\u0105cy najwy\u017csz\u0105 jako\u015b\u0107 d\u017awi\u0119ku przy ka\u017cdej pr\u0119dko\u015bci.<\/p>\n<\/div>\n<\/div>\n<\/div>\n<\/div>\n<\/div>","protected":false},"excerpt":{"rendered":"<p>FX HO to doskona\u0142y wyb\u00f3r na relaksuj\u0105ce wycieczki lub sportowe przygody. Szukasz skutera wodnego, kt\u00f3ry oferuje idealn\u0105 r\u00f3wnowag\u0119 mi\u0119dzy osi\u0105gami a komfortem i jest wyposa\u017cony w szereg funkcji, kt\u00f3re sprawiaj\u0105, \u017ce jazda nim jest jeszcze przyjemniejsza? Je\u015bli tak, pokochasz WaveRunner\u00ae. Zakochasz si\u0119 po uszy w tej wyrafinowanej maszynie w kolorze Pure White Solid z detalami Pale Cyan.<\/p>","protected":false},"featured_media":1029,"template":"","meta":{"_acf_changed":false,"_et_pb_use_builder":"","_et_pb_old_content":"","_et_gb_content_width":""},"product_brand":[],"product_cat":[24],"product_tag":[],"class_list":{"0":"post-1014","1":"product","2":"type-product","3":"status-publish","4":"has-post-thumbnail","6":"product_cat-waverunner","8":"first","9":"instock","10":"virtual","11":"purchasable","12":"product-type-simple"},"acf":[],"_links":{"self":[{"href":"https:\/\/adam-watermotors.de\/pl\/wp-json\/wp\/v2\/product\/1014","targetHints":{"allow":["GET"]}}],"collection":[{"href":"https:\/\/adam-watermotors.de\/pl\/wp-json\/wp\/v2\/product"}],"about":[{"href":"https:\/\/adam-watermotors.de\/pl\/wp-json\/wp\/v2\/types\/product"}],"wp:featuredmedia":[{"embeddable":true,"href":"https:\/\/adam-watermotors.de\/pl\/wp-json\/wp\/v2\/media\/1029"}],"wp:attachment":[{"href":"https:\/\/adam-watermotors.de\/pl\/wp-json\/wp\/v2\/media?parent=1014"}],"wp:term":[{"taxonomy":"product_brand","embeddable":true,"href":"https:\/\/adam-watermotors.de\/pl\/wp-json\/wp\/v2\/product_brand?post=1014"},{"taxonomy":"product_cat","embeddable":true,"href":"https:\/\/adam-watermotors.de\/pl\/wp-json\/wp\/v2\/product_cat?post=1014"},{"taxonomy":"product_tag","embeddable":true,"href":"https:\/\/adam-watermotors.de\/pl\/wp-json\/wp\/v2\/product_tag?post=1014"}],"curies":[{"name":"wp","href":"https:\/\/api.w.org\/{rel}","templated":true}]}}