{"id":1036,"date":"2025-07-03T00:26:26","date_gmt":"2025-07-02T22:26:26","guid":{"rendered":"https:\/\/adam-watermotors.de\/?post_type=product&#038;p=1036"},"modified":"2025-07-03T00:45:30","modified_gmt":"2025-07-02T22:45:30","slug":"fx-cruiser-ho","status":"publish","type":"product","link":"https:\/\/adam-watermotors.de\/pl\/waverunner\/fx-cruiser-ho\/","title":{"rendered":"FX Cruiser HO"},"content":{"rendered":"<div class=\"styled__ContainerStyled-sc-1pg5x44-0 ixRWEV\">\n<div class=\"Row-sc-1t8ifd-0 styled__RowStyled-sc-2pzm2i-0 hIhdaX hpWEtG\">\n<div class=\"Col__CommonColStyled-sc-1vakr7x-0 Col-sc-1vakr7x-1 AibYF lnMkcd\">\n<div class=\"et_pb_module et_pb_text et_pb_text_4_tb_body et_pb_text_align_left et_pb_bg_layout_light\">\n<div class=\"et_pb_text_inner\">\n<h2 class=\"typography__HeadingLevel2-sc-17h5z1x-1 styled__HeadingLevel2Styled-sc-2pzm2i-1 ecXnVa jNUtxF\"><strong>Poszerz swoje horyzonty.<\/strong><\/h2>\n<p class=\"typography__RegularTextLevel3-sc-17h5z1x-6 styled__RegularTextLevel3Styled-sc-2pzm2i-2 llHpNi kayiqw\">Poczuj moc silnika HO o pojemno\u015bci 1 898 cm\u00b3. Odkryj zwinn\u0105 i bezpieczn\u0105 obs\u0142ug\u0119 eleganckiego pok\u0142adu NanoXcel2\u00ae w po\u0142\u0105czeniu z rewolucyjnym, intuicyjnym sterowaniem oferowanym przez nasz wyj\u0105tkowy system RiDE\u00ae oraz wyrafinowane elektroniczne systemy sterowania i ulepszony interfejs u\u017cytkownika wy\u015bwietlacza.<\/p>\n<p class=\"typography__RegularTextLevel3-sc-17h5z1x-6 llHpNi\">Odkrywcza podr\u00f3\u017c trwa nadal - dzi\u0119ki nowemu 7-calowemu wy\u015bwietlaczowi Connext\u00ae z trybami bezpiecze\u0144stwa i zaawansowanej jazdy, adaptacyjnemu systemowi trymowania i wielu innym funkcjom: Przed\u0142u\u017cona tylna platforma, regulowane nachylenie kierownicy, trzyosobowa kanapa typu cruiser, sk\u0142adane knagi i zintegrowany system audio Yamaha Music zapewniaj\u0105cy najwy\u017csz\u0105 jako\u015b\u0107 i czysto\u015b\u0107 d\u017awi\u0119ku przy ka\u017cdej pr\u0119dko\u015bci. Wszystko to sk\u0142ada si\u0119 na \u015bwiat przyjemno\u015bci z jazdy.<\/p>\n<\/div>\n<\/div>\n<\/div>\n<\/div>\n<\/div>","protected":false},"excerpt":{"rendered":"<p>FX HO to doskona\u0142y wyb\u00f3r na relaksuj\u0105ce wycieczki lub sportowe przygody. Szukasz skutera wodnego, kt\u00f3ry oferuje idealn\u0105 r\u00f3wnowag\u0119 mi\u0119dzy osi\u0105gami a komfortem i jest wyposa\u017cony w szereg funkcji, kt\u00f3re sprawiaj\u0105, \u017ce jazda nim jest jeszcze przyjemniejsza? Je\u015bli tak, pokochasz WaveRunner\u00ae. Zakochasz si\u0119 po uszy w tej wyrafinowanej maszynie w kolorze Pure White Solid z detalami Pale Cyan.<\/p>","protected":false},"featured_media":1054,"template":"","meta":{"_acf_changed":false,"_et_pb_use_builder":"","_et_pb_old_content":"","_et_gb_content_width":""},"product_brand":[],"product_cat":[24],"product_tag":[],"class_list":{"0":"post-1036","1":"product","2":"type-product","3":"status-publish","4":"has-post-thumbnail","6":"product_cat-waverunner","8":"first","9":"instock","10":"virtual","11":"purchasable","12":"product-type-simple"},"acf":[],"_links":{"self":[{"href":"https:\/\/adam-watermotors.de\/pl\/wp-json\/wp\/v2\/product\/1036","targetHints":{"allow":["GET"]}}],"collection":[{"href":"https:\/\/adam-watermotors.de\/pl\/wp-json\/wp\/v2\/product"}],"about":[{"href":"https:\/\/adam-watermotors.de\/pl\/wp-json\/wp\/v2\/types\/product"}],"wp:featuredmedia":[{"embeddable":true,"href":"https:\/\/adam-watermotors.de\/pl\/wp-json\/wp\/v2\/media\/1054"}],"wp:attachment":[{"href":"https:\/\/adam-watermotors.de\/pl\/wp-json\/wp\/v2\/media?parent=1036"}],"wp:term":[{"taxonomy":"product_brand","embeddable":true,"href":"https:\/\/adam-watermotors.de\/pl\/wp-json\/wp\/v2\/product_brand?post=1036"},{"taxonomy":"product_cat","embeddable":true,"href":"https:\/\/adam-watermotors.de\/pl\/wp-json\/wp\/v2\/product_cat?post=1036"},{"taxonomy":"product_tag","embeddable":true,"href":"https:\/\/adam-watermotors.de\/pl\/wp-json\/wp\/v2\/product_tag?post=1036"}],"curies":[{"name":"wp","href":"https:\/\/api.w.org\/{rel}","templated":true}]}}