{"id":1055,"date":"2025-07-03T00:46:35","date_gmt":"2025-07-02T22:46:35","guid":{"rendered":"https:\/\/adam-watermotors.de\/?post_type=product&#038;p=1055"},"modified":"2025-07-03T01:01:38","modified_gmt":"2025-07-02T23:01:38","slug":"vx-cruiser-ho","status":"publish","type":"product","link":"https:\/\/adam-watermotors.de\/pl\/waverunner\/vx-cruiser-ho\/","title":{"rendered":"VX Cruiser HO"},"content":{"rendered":"<div class=\"styled__ContainerStyled-sc-1pg5x44-0 ixRWEV\">\n<div class=\"Row-sc-1t8ifd-0 styled__RowStyled-sc-2pzm2i-0 hIhdaX hpWEtG\">\n<div class=\"Col__CommonColStyled-sc-1vakr7x-0 Col-sc-1vakr7x-1 AibYF lnMkcd\">\n<div class=\"et_pb_module et_pb_text et_pb_text_4_tb_body et_pb_text_align_left et_pb_bg_layout_light\">\n<div class=\"et_pb_text_inner\">\n<h2 class=\"typography__HeadingLevel2-sc-17h5z1x-1 styled__HeadingLevel2Styled-sc-2pzm2i-1 ecXnVa jNUtxF\"><strong>Zapewnij wi\u0119cej emocji.<\/strong><\/h2>\n<p class=\"typography__RegularTextLevel3-sc-17h5z1x-6 styled__RegularTextLevel3Styled-sc-2pzm2i-2 llHpNi kayiqw\">Ich wszechstronno\u015b\u0107 sprawia, \u017ce nasze modele VX s\u0105 najpopularniejszymi skuterami wodnymi. Imponuj\u0105cy repertuar osi\u0105g\u00f3w, od nap\u0119dzanych adrenalin\u0105 sport\u00f3w wodnych po relaksuj\u0105cy \u015bwiat rejs\u00f3w po drogach wodnych, zapewnia trwa\u0142\u0105 lojalno\u015b\u0107.<\/p>\n<p class=\"typography__RegularTextLevel3-sc-17h5z1x-6 llHpNi\">Najnowszy VX Cruiser HO to wyj\u0105tkowy skuter wodny klasy premium, \u0142\u0105cz\u0105cy w sobie emocje zwi\u0105zane z wysok\u0105 wydajno\u015bci\u0105 maszyny z precyzyjnym prowadzeniem, komfortem jazdy i atrakcyjn\u0105 stylistyk\u0105. Dzi\u0119ki lekkiemu pok\u0142adowi NanoXcel2\u00ae, VX Cruiser HO gwarantuje najlepsze wra\u017cenia z rejsu.<\/p>\n<\/div>\n<\/div>\n<\/div>\n<\/div>\n<\/div>","protected":false},"excerpt":{"rendered":"<p>FX HO to doskona\u0142y wyb\u00f3r na relaksuj\u0105ce wycieczki lub sportowe przygody. Szukasz skutera wodnego, kt\u00f3ry oferuje idealn\u0105 r\u00f3wnowag\u0119 mi\u0119dzy osi\u0105gami a komfortem i jest wyposa\u017cony w szereg funkcji, kt\u00f3re sprawiaj\u0105, \u017ce jazda nim jest jeszcze przyjemniejsza? Je\u015bli tak, pokochasz WaveRunner\u00ae. Zakochasz si\u0119 po uszy w tej wyrafinowanej maszynie w kolorze Pure White Solid z detalami Pale Cyan.<\/p>","protected":false},"featured_media":1065,"template":"","meta":{"_acf_changed":false,"_et_pb_use_builder":"","_et_pb_old_content":"","_et_gb_content_width":""},"product_brand":[],"product_cat":[24],"product_tag":[],"class_list":{"0":"post-1055","1":"product","2":"type-product","3":"status-publish","4":"has-post-thumbnail","6":"product_cat-waverunner","8":"first","9":"instock","10":"virtual","11":"purchasable","12":"product-type-simple"},"acf":[],"_links":{"self":[{"href":"https:\/\/adam-watermotors.de\/pl\/wp-json\/wp\/v2\/product\/1055","targetHints":{"allow":["GET"]}}],"collection":[{"href":"https:\/\/adam-watermotors.de\/pl\/wp-json\/wp\/v2\/product"}],"about":[{"href":"https:\/\/adam-watermotors.de\/pl\/wp-json\/wp\/v2\/types\/product"}],"wp:featuredmedia":[{"embeddable":true,"href":"https:\/\/adam-watermotors.de\/pl\/wp-json\/wp\/v2\/media\/1065"}],"wp:attachment":[{"href":"https:\/\/adam-watermotors.de\/pl\/wp-json\/wp\/v2\/media?parent=1055"}],"wp:term":[{"taxonomy":"product_brand","embeddable":true,"href":"https:\/\/adam-watermotors.de\/pl\/wp-json\/wp\/v2\/product_brand?post=1055"},{"taxonomy":"product_cat","embeddable":true,"href":"https:\/\/adam-watermotors.de\/pl\/wp-json\/wp\/v2\/product_cat?post=1055"},{"taxonomy":"product_tag","embeddable":true,"href":"https:\/\/adam-watermotors.de\/pl\/wp-json\/wp\/v2\/product_tag?post=1055"}],"curies":[{"name":"wp","href":"https:\/\/api.w.org\/{rel}","templated":true}]}}