{"id":1098,"date":"2025-07-03T06:24:00","date_gmt":"2025-07-03T04:24:00","guid":{"rendered":"https:\/\/adam-watermotors.de\/?post_type=product&#038;p=1098"},"modified":"2025-07-03T06:35:59","modified_gmt":"2025-07-03T04:35:59","slug":"jetblaster","status":"publish","type":"product","link":"https:\/\/adam-watermotors.de\/pl\/waverunner\/jetblaster\/","title":{"rendered":"JetBlaster"},"content":{"rendered":"<div class=\"styled__ContainerStyled-sc-1pg5x44-0 ixRWEV\">\n<div class=\"Row-sc-1t8ifd-0 styled__RowStyled-sc-2pzm2i-0 hIhdaX hpWEtG\">\n<div class=\"Col__CommonColStyled-sc-1vakr7x-0 Col-sc-1vakr7x-1 AibYF lnMkcd\">\n<div class=\"et_pb_module et_pb_text et_pb_text_4_tb_body et_pb_text_align_left et_pb_bg_layout_light\">\n<div class=\"et_pb_text_inner\">\n<h2 class=\"typography__HeadingLevel2-sc-17h5z1x-1 styled__HeadingLevel2Styled-sc-2pzm2i-1 ecXnVa jNUtxF\"><strong>Uwolnij w sobie poszukiwacza przyg\u00f3d.<\/strong><\/h2>\n<p class=\"typography__RegularTextLevel3-sc-17h5z1x-6 styled__RegularTextLevel3Styled-sc-2pzm2i-2 llHpNi kayiqw\">Nasz JetBlaster jest gotowy na mn\u00f3stwo zabawy i emocji. Dzi\u0119ki wysokiej jako\u015bci matom pok\u0142adowym zapewniaj\u0105cym optymaln\u0105 przyczepno\u015b\u0107, pierwsze triki, fiko\u0142ki i akrobacje mo\u017cna wykona\u0107 do\u015b\u0107 szybko. Kierownica specjalnie zaprojektowana do p\u0142ynnych ruch\u00f3w zapewnia natychmiastowe poczucie osi\u0105gni\u0119\u0107.<\/p>\n<p class=\"typography__RegularTextLevel3-sc-17h5z1x-6 llHpNi\">Wysokiej jako\u015bci kad\u0142ub \u0142odzi JetBlaster jest wykonany z innowacyjnego, wytrzyma\u0142ego tworzywa SMC, dzi\u0119ki czemu jest zar\u00f3wno mocny, jak i lekki. W po\u0142\u0105czeniu z trzycylindrowym, czterosuwowym silnikiem \u0142odzi TR-1\u00ae firmy Yamaha i dobrym stosunkiem mocy do masy, daje to prawdziwy potencja\u0142 emocji.<\/p>\n<\/div>\n<\/div>\n<\/div>\n<\/div>\n<\/div>","protected":false},"excerpt":{"rendered":"<p>FX HO to doskona\u0142y wyb\u00f3r na relaksuj\u0105ce wycieczki lub sportowe przygody. Szukasz skutera wodnego, kt\u00f3ry oferuje idealn\u0105 r\u00f3wnowag\u0119 mi\u0119dzy osi\u0105gami a komfortem i jest wyposa\u017cony w szereg funkcji, kt\u00f3re sprawiaj\u0105, \u017ce jazda nim jest jeszcze przyjemniejsza? Je\u015bli tak, pokochasz WaveRunner\u00ae. Zakochasz si\u0119 po uszy w tej wyrafinowanej maszynie w kolorze Pure White Solid z detalami Pale Cyan.<\/p>","protected":false},"featured_media":1104,"template":"","meta":{"_acf_changed":false,"_et_pb_use_builder":"","_et_pb_old_content":"","_et_gb_content_width":""},"product_brand":[],"product_cat":[24],"product_tag":[],"class_list":{"0":"post-1098","1":"product","2":"type-product","3":"status-publish","4":"has-post-thumbnail","6":"product_cat-waverunner","8":"first","9":"instock","10":"virtual","11":"purchasable","12":"product-type-simple"},"acf":[],"_links":{"self":[{"href":"https:\/\/adam-watermotors.de\/pl\/wp-json\/wp\/v2\/product\/1098","targetHints":{"allow":["GET"]}}],"collection":[{"href":"https:\/\/adam-watermotors.de\/pl\/wp-json\/wp\/v2\/product"}],"about":[{"href":"https:\/\/adam-watermotors.de\/pl\/wp-json\/wp\/v2\/types\/product"}],"wp:featuredmedia":[{"embeddable":true,"href":"https:\/\/adam-watermotors.de\/pl\/wp-json\/wp\/v2\/media\/1104"}],"wp:attachment":[{"href":"https:\/\/adam-watermotors.de\/pl\/wp-json\/wp\/v2\/media?parent=1098"}],"wp:term":[{"taxonomy":"product_brand","embeddable":true,"href":"https:\/\/adam-watermotors.de\/pl\/wp-json\/wp\/v2\/product_brand?post=1098"},{"taxonomy":"product_cat","embeddable":true,"href":"https:\/\/adam-watermotors.de\/pl\/wp-json\/wp\/v2\/product_cat?post=1098"},{"taxonomy":"product_tag","embeddable":true,"href":"https:\/\/adam-watermotors.de\/pl\/wp-json\/wp\/v2\/product_tag?post=1098"}],"curies":[{"name":"wp","href":"https:\/\/api.w.org\/{rel}","templated":true}]}}