{"id":1235,"date":"2025-07-03T10:10:34","date_gmt":"2025-07-03T08:10:34","guid":{"rendered":"https:\/\/adam-watermotors.de\/?post_type=product&#038;p=1235"},"modified":"2025-08-07T08:39:05","modified_gmt":"2025-08-07T06:39:05","slug":"voyager-23-s","status":"publish","type":"product","link":"https:\/\/adam-watermotors.de\/pl\/boote\/voyager-23-s\/","title":{"rendered":"VOYAGER 23 S"},"content":{"rendered":"<h2 data-start=\"224\" data-end=\"247\"><strong data-start=\"224\" data-end=\"247\">Sportowy komfort<\/strong><\/h2>\n<p data-start=\"249\" data-end=\"540\">The <em data-start=\"253\" data-end=\"267\">Voyager 23 S<\/em> od Ranieri International to wszechstronna \u0142\u00f3d\u017a z otwartym pok\u0142adem, kt\u00f3ra \u0142\u0105czy w\u0142oski design z wyrafinowan\u0105 funkcjonalno\u015bci\u0105. Dzi\u0119ki d\u0142ugo\u015bci 6,75 metra, mocnemu kad\u0142ubowi i przestrzeni dla maksymalnie o\u015bmiu os\u00f3b, jest idealna na jednodniowe wycieczki, wycieczki przybrze\u017cne i sporty wodne.<\/p>\n<p data-start=\"542\" data-end=\"860\">Pok\u0142ad dziobowy mo\u017cna elastycznie przekszta\u0142ci\u0107 w przestronne miejsce do opalania lub przytuln\u0105 cz\u0119\u015b\u0107 wypoczynkow\u0105 ze sto\u0142em. Centralna konsola sterowa zapewnia dobr\u0105 widoczno\u015b\u0107 we wszystkich kierunkach, a pod ni\u0105 znajduje si\u0119 schowek - z opcjonaln\u0105 toalet\u0105. Szeroka platforma k\u0105pielowa z teleskopow\u0105 drabink\u0105, liczne schowki i wysokiej jako\u015bci detale zapewniaj\u0105 komfort na pok\u0142adzie.<\/p>\n<p data-start=\"862\" data-end=\"1069\">Z silnikiem o mocy do 250 KM i kategori\u0105 CE C, Voyager 23 S imponuje sportowym prowadzeniem, bezpiecze\u0144stwem i stylem - idealny dla kapitan\u00f3w rekreacyjnych, kt\u00f3rzy ceni\u0105 sobie jako\u015b\u0107, przestrze\u0144 i dynamik\u0119.<\/p>","protected":false},"excerpt":{"rendered":"<p>Voyager 23 S od Ranieri International to wszechstronna \u0142\u00f3d\u017a motorowa z otwartym pok\u0142adem o sportowym designie, kt\u00f3ra mo\u017ce pomie\u015bci\u0107 do o\u015bmiu os\u00f3b. Dzi\u0119ki d\u0142ugo\u015bci 6,75 metra, oszcz\u0119dnej konstrukcji kad\u0142uba i licznym funkcjom zapewniaj\u0105cym komfort, model ten jest idealny na jednodniowe wycieczki, sporty wodne i relaksuj\u0105ce rejsy wzd\u0142u\u017c wybrze\u017ca.<\/p>","protected":false},"featured_media":1241,"template":"","meta":{"_acf_changed":false,"_et_pb_use_builder":"","_et_pb_old_content":"","_et_gb_content_width":""},"product_brand":[],"product_cat":[23],"product_tag":[],"class_list":{"0":"post-1235","1":"product","2":"type-product","3":"status-publish","4":"has-post-thumbnail","6":"product_cat-boote","8":"first","9":"instock","10":"shipping-taxable","11":"purchasable","12":"product-type-simple"},"acf":[],"_links":{"self":[{"href":"https:\/\/adam-watermotors.de\/pl\/wp-json\/wp\/v2\/product\/1235","targetHints":{"allow":["GET"]}}],"collection":[{"href":"https:\/\/adam-watermotors.de\/pl\/wp-json\/wp\/v2\/product"}],"about":[{"href":"https:\/\/adam-watermotors.de\/pl\/wp-json\/wp\/v2\/types\/product"}],"wp:featuredmedia":[{"embeddable":true,"href":"https:\/\/adam-watermotors.de\/pl\/wp-json\/wp\/v2\/media\/1241"}],"wp:attachment":[{"href":"https:\/\/adam-watermotors.de\/pl\/wp-json\/wp\/v2\/media?parent=1235"}],"wp:term":[{"taxonomy":"product_brand","embeddable":true,"href":"https:\/\/adam-watermotors.de\/pl\/wp-json\/wp\/v2\/product_brand?post=1235"},{"taxonomy":"product_cat","embeddable":true,"href":"https:\/\/adam-watermotors.de\/pl\/wp-json\/wp\/v2\/product_cat?post=1235"},{"taxonomy":"product_tag","embeddable":true,"href":"https:\/\/adam-watermotors.de\/pl\/wp-json\/wp\/v2\/product_tag?post=1235"}],"curies":[{"name":"wp","href":"https:\/\/api.w.org\/{rel}","templated":true}]}}