{"id":1249,"date":"2025-07-03T10:51:17","date_gmt":"2025-07-03T08:51:17","guid":{"rendered":"https:\/\/adam-watermotors.de\/?post_type=product&#038;p=1249"},"modified":"2025-08-07T08:39:50","modified_gmt":"2025-08-07T06:39:50","slug":"voyager-23-s-copy","status":"publish","type":"product","link":"https:\/\/adam-watermotors.de\/pl\/shadow-19\/","title":{"rendered":"SHADOW 19"},"content":{"rendered":"<h2 data-start=\"501\" data-end=\"522\"><strong data-start=\"501\" data-end=\"522\">Kompaktowy komfort<\/strong><\/h2>\n<p data-start=\"524\" data-end=\"828\">The <em data-start=\"528\" data-end=\"539\">Shadow 19<\/em> od Ranieri International \u0142\u0105czy w sobie sportowy design, przemy\u015blany uk\u0142ad i wysok\u0105 jako\u015b\u0107 wykonania przy d\u0142ugo\u015bci zaledwie 5,65 metra. Pomimo kompaktowych wymiar\u00f3w, oferuje miejsce dla maksymalnie siedmiu os\u00f3b i jest idealny na jednodniowe wycieczki, sporty wodne lub kr\u00f3tkie wycieczki z noclegiem.<\/p>\n<p data-start=\"830\" data-end=\"1167\">Na dziobie znajduje si\u0119 funkcjonalna kabina z dwiema kojami i opcjonaln\u0105 toalet\u0105 - rzadki komfort w tej klasie \u0142odzi. Stanowisko sternika jest ergonomicznie zaprojektowane, z dobr\u0105 widoczno\u015bci\u0105 i solidnymi elementami steruj\u0105cymi. Na zewn\u0105trz du\u017cy obszar do opalania i boczne chodniki zapewniaj\u0105 swobod\u0119 ruchu i relaksu.<\/p>\n<p data-start=\"1169\" data-end=\"1523\">Dzi\u0119ki maksymalnej mocy silnika 140 KM, kategorii CE C i 105-litrowemu zbiornikowi paliwa, Shadow 19 jest idealnie wyposa\u017cony do rejs\u00f3w wzd\u0142u\u017c wybrze\u017ca i po wodach \u015br\u00f3dl\u0105dowych. Po\u0142\u0105czenie wydajno\u015bci, bezpiecze\u0144stwa i stylowego wyposa\u017cenia sprawia, \u017ce jest to doskona\u0142y wyb\u00f3r dla kapitan\u00f3w rekreacyjnych poszukuj\u0105cych jako\u015bci w kompaktowej formie.<\/p>","protected":false},"excerpt":{"rendered":"<p>Ranieri Shadow 19 to kompaktowa i sportowa \u0142\u00f3d\u017a kabinowa na jednodniowe wycieczki i weekendowe rejsy. Z miejscem dla maksymalnie 7 os\u00f3b, kabin\u0105 sypialn\u0105 z opcjonaln\u0105 toalet\u0105 i nowoczesn\u0105 konstrukcj\u0105 kad\u0142uba, oferuje zar\u00f3wno komfort, jak i przyjemno\u015b\u0107 z \u017ceglowania - idealny dla pocz\u0105tkuj\u0105cych i kapitan\u00f3w rekreacyjnych.<\/p>","protected":false},"featured_media":1253,"template":"","meta":{"_acf_changed":false,"_et_pb_use_builder":"","_et_pb_old_content":"","_et_gb_content_width":""},"product_brand":[],"product_cat":[23],"product_tag":[],"class_list":{"0":"post-1249","1":"product","2":"type-product","3":"status-publish","4":"has-post-thumbnail","6":"product_cat-boote","8":"first","9":"instock","10":"shipping-taxable","11":"purchasable","12":"product-type-simple"},"acf":[],"_links":{"self":[{"href":"https:\/\/adam-watermotors.de\/pl\/wp-json\/wp\/v2\/product\/1249","targetHints":{"allow":["GET"]}}],"collection":[{"href":"https:\/\/adam-watermotors.de\/pl\/wp-json\/wp\/v2\/product"}],"about":[{"href":"https:\/\/adam-watermotors.de\/pl\/wp-json\/wp\/v2\/types\/product"}],"wp:featuredmedia":[{"embeddable":true,"href":"https:\/\/adam-watermotors.de\/pl\/wp-json\/wp\/v2\/media\/1253"}],"wp:attachment":[{"href":"https:\/\/adam-watermotors.de\/pl\/wp-json\/wp\/v2\/media?parent=1249"}],"wp:term":[{"taxonomy":"product_brand","embeddable":true,"href":"https:\/\/adam-watermotors.de\/pl\/wp-json\/wp\/v2\/product_brand?post=1249"},{"taxonomy":"product_cat","embeddable":true,"href":"https:\/\/adam-watermotors.de\/pl\/wp-json\/wp\/v2\/product_cat?post=1249"},{"taxonomy":"product_tag","embeddable":true,"href":"https:\/\/adam-watermotors.de\/pl\/wp-json\/wp\/v2\/product_tag?post=1249"}],"curies":[{"name":"wp","href":"https:\/\/api.w.org\/{rel}","templated":true}]}}