{"id":1292,"date":"2025-07-03T13:30:41","date_gmt":"2025-07-03T11:30:41","guid":{"rendered":"https:\/\/adam-watermotors.de\/?post_type=product&#038;p=1292"},"modified":"2025-07-04T11:32:11","modified_gmt":"2025-07-04T09:32:11","slug":"f225xcb","status":"publish","type":"product","link":"https:\/\/adam-watermotors.de\/pl\/aussenborder\/f25bmhs\/","title":{"rendered":"F2.5BMHS"},"content":{"rendered":"<div class=\"styled__ContainerStyled-sc-1pg5x44-0 ixRWEV\">\n<div class=\"Row-sc-1t8ifd-0 styled__RowStyled-sc-2pzm2i-0 hIhdaX hpWEtG\">\n<div class=\"Col__CommonColStyled-sc-1vakr7x-0 Col-sc-1vakr7x-1 AibYF lnMkcd\">\n<div class=\"et_pb_module et_pb_text et_pb_text_4_tb_body et_pb_text_align_left et_pb_bg_layout_light\">\n<div class=\"et_pb_text_inner\">\n<h2 data-start=\"154\" data-end=\"225\"><strong data-start=\"157\" data-end=\"225\">Kompaktowy i niezawodny<\/strong><\/h2>\n<p data-start=\"97\" data-end=\"580\">F2.5BMHS to jednocylindrowy silnik czterosuwowy, kt\u00f3ry idealnie nadaje si\u0119 do mniejszych \u0142odzi ze wzgl\u0119du na wyj\u0105tkowo nisk\u0105 wag\u0119 i du\u017c\u0105 przeno\u015bno\u015b\u0107. Ta wszechstronna i kompaktowa jednostka jest wyposa\u017cona w wygodny uchwyt do przenoszenia, kt\u00f3ry u\u0142atwia transport i instalacj\u0119 silnika. Dzi\u0119ki wyrafinowanej, szczelnej konstrukcji silnik mo\u017cna bezpiecznie i wygodnie przechowywa\u0107 z przodu, po prawej lub lewej stronie.<\/p>\n<p data-start=\"582\" data-end=\"855\">Dzi\u0119ki nowej, stylowej, zaokr\u0105glonej masce, zwi\u0119kszonej wydajno\u015bci spalania i ni\u017cszej emisji spalin, F2.5BMHS nie tylko dobrze wygl\u0105da, ale tak\u017ce zapewnia legendarn\u0105 niezawodno\u015b\u0107 Yamahy, oszcz\u0119dno\u015b\u0107 paliwa i p\u0142ynn\u0105, r\u00f3wn\u0105 prac\u0119.<\/p>\n<\/div>\n<\/div>\n<\/div>\n<\/div>\n<\/div>","protected":false},"excerpt":{"rendered":"<p>Ma\u0142y, przeno\u015bny czterosuwowy silnik zaburtowy imponuje minimaln\u0105 wag\u0105, \u0142atw\u0105 obs\u0142ug\u0105 dzi\u0119ki uchwytowi do przenoszenia i szczeln\u0105 konstrukcj\u0105. Idealny do mniejszych \u0142odzi. Cicha praca, niskie zu\u017cycie paliwa i typowa dla Yamahy niezawodno\u015b\u0107 - gotowy do u\u017cycia w ka\u017cdym miejscu.<\/p>","protected":false},"featured_media":1561,"template":"","meta":{"_acf_changed":false,"_et_pb_use_builder":"","_et_pb_old_content":"","_et_gb_content_width":""},"product_brand":[],"product_cat":[25],"product_tag":[],"class_list":{"0":"post-1292","1":"product","2":"type-product","3":"status-publish","4":"has-post-thumbnail","6":"product_cat-aussenborder","8":"first","9":"instock","10":"virtual","11":"purchasable","12":"product-type-simple"},"acf":[],"_links":{"self":[{"href":"https:\/\/adam-watermotors.de\/pl\/wp-json\/wp\/v2\/product\/1292","targetHints":{"allow":["GET"]}}],"collection":[{"href":"https:\/\/adam-watermotors.de\/pl\/wp-json\/wp\/v2\/product"}],"about":[{"href":"https:\/\/adam-watermotors.de\/pl\/wp-json\/wp\/v2\/types\/product"}],"wp:featuredmedia":[{"embeddable":true,"href":"https:\/\/adam-watermotors.de\/pl\/wp-json\/wp\/v2\/media\/1561"}],"wp:attachment":[{"href":"https:\/\/adam-watermotors.de\/pl\/wp-json\/wp\/v2\/media?parent=1292"}],"wp:term":[{"taxonomy":"product_brand","embeddable":true,"href":"https:\/\/adam-watermotors.de\/pl\/wp-json\/wp\/v2\/product_brand?post=1292"},{"taxonomy":"product_cat","embeddable":true,"href":"https:\/\/adam-watermotors.de\/pl\/wp-json\/wp\/v2\/product_cat?post=1292"},{"taxonomy":"product_tag","embeddable":true,"href":"https:\/\/adam-watermotors.de\/pl\/wp-json\/wp\/v2\/product_tag?post=1292"}],"curies":[{"name":"wp","href":"https:\/\/api.w.org\/{rel}","templated":true}]}}