{"id":1698,"date":"2025-07-04T13:19:52","date_gmt":"2025-07-04T11:19:52","guid":{"rendered":"https:\/\/adam-watermotors.de\/?post_type=product&#038;p=1698"},"modified":"2025-07-10T17:37:12","modified_gmt":"2025-07-10T15:37:12","slug":"f6cmhl","status":"publish","type":"product","link":"https:\/\/adam-watermotors.de\/pl\/aussenborder\/f6cmhl\/","title":{"rendered":"F6CMHL"},"content":{"rendered":"<div class=\"styled__ContainerStyled-sc-1pg5x44-0 ixRWEV\">\n<div class=\"Row-sc-1t8ifd-0 styled__RowStyled-sc-2pzm2i-0 hIhdaX hpWEtG\">\n<div class=\"Col__CommonColStyled-sc-1vakr7x-0 Col-sc-1vakr7x-1 AibYF lnMkcd\">\n<div class=\"et_pb_module et_pb_text et_pb_text_4_tb_body et_pb_text_align_left et_pb_bg_layout_light\">\n<div class=\"et_pb_text_inner\">\n<h2 data-start=\"83\" data-end=\"115\"><strong data-start=\"87\" data-end=\"115\">Kompakt &amp; Leistungsstark<\/strong><\/h2>\n<p data-start=\"117\" data-end=\"271\"><span class=\"relative -mx-px my-[-0.2rem] rounded px-px py-[0.2rem] transition-colors duration-100 ease-in-out\">Der Yamaha F6CMHL ist ein kompakter und dennoch kraftvoller Au\u00dfenbordmotor, der sich ideal f\u00fcr Schlauchboote, Dinghys und als Hilfsmotor eignet.<\/span> <span class=\"relative -mx-px my-[-0.2rem] rounded px-px py-[0.2rem] transition-colors duration-100 ease-in-out\">Mit einem Gewicht von nur 28\u202fkg und einem integrierten Tragegriff l\u00e4sst er sich m\u00fchelos transportieren.<\/span> <span class=\"relative -mx-px my-[-0.2rem] rounded px-px py-[0.2rem] transition-colors duration-100 ease-in-out\">Der 4-Takt-Einzylindermotor mit 139\u202fcm\u00b3 Hubraum liefert 6\u202fPS Leistung und \u00fcberzeugt durch niedrigen Kraftstoffverbrauch sowie geringe Ger\u00e4usch- und Vibrationsentwicklung.<\/span><\/p>\n<p data-start=\"273\" data-end=\"471\"><span class=\"relative -mx-px my-[-0.2rem] rounded px-px py-[0.2rem] transition-colors duration-100 ease-in-out\">Dank der zuverl\u00e4ssigen CDI-Z\u00fcndung ist ein einfacher manueller Start gew\u00e4hrleistet.<\/span> <span class=\"relative -mx-px my-[-0.2rem] rounded px-px py-[0.2rem] transition-colors duration-100 ease-in-out\">Der eingebaute 1,1-Liter-Kraftstofftank erm\u00f6glicht flexible Eins\u00e4tze, zus\u00e4tzlich kann ein externer Tank angeschlossen werden.<\/span> <span class=\"relative -mx-px my-[-0.2rem] rounded px-px py-[0.2rem] transition-colors duration-100 ease-in-out\">Mit der 180\u00b0-Lenkung, dem F-N-R-Schaltsystem (Vorw\u00e4rts-Neutral-R\u00fcckw\u00e4rts) und der Flachwasserstellung eignet sich der F6CMHL sowohl f\u00fcr enge H\u00e4fen als auch f\u00fcr offene Gew\u00e4sser.<\/span> <span class=\"relative -mx-px my-[-0.2rem] rounded px-px py-[0.2rem] transition-colors duration-100 ease-in-out\">Seine kompakte Bauweise und die bew\u00e4hrte Yamaha-Technik machen ihn zur perfekten Wahl f\u00fcr Freizeitkapit\u00e4ne und Yachtbesitzer.<\/span><\/p>\n<\/div>\n<\/div>\n<\/div>\n<\/div>\n<\/div>\n","protected":false},"excerpt":{"rendered":"<p>Yamaha F6 CMHL to przeno\u015bny 4-suwowy silnik zaburtowy o mocy 6 KM z d\u0142ugim wa\u0142em. Wa\u017c\u0105cy zaledwie 28 kg, ze zintegrowanym zbiornikiem o pojemno\u015bci 1,1 litra i r\u0119cznym sterowaniem, oferuje niezawodne osi\u0105gi, \u0142atw\u0105 obs\u0142ug\u0119 i wysok\u0105 mobilno\u015b\u0107 - idealny do ma\u0142ych \u0142odzi i jako silnik pomocniczy do jacht\u00f3w.<\/p>","protected":false},"featured_media":1676,"template":"","meta":{"_acf_changed":false,"_et_pb_use_builder":"","_et_pb_old_content":"","_et_gb_content_width":""},"product_brand":[],"product_cat":[25],"product_tag":[],"class_list":{"0":"post-1698","1":"product","2":"type-product","3":"status-publish","4":"has-post-thumbnail","6":"product_cat-aussenborder","8":"first","9":"instock","10":"virtual","11":"purchasable","12":"product-type-simple"},"acf":[],"_links":{"self":[{"href":"https:\/\/adam-watermotors.de\/pl\/wp-json\/wp\/v2\/product\/1698","targetHints":{"allow":["GET"]}}],"collection":[{"href":"https:\/\/adam-watermotors.de\/pl\/wp-json\/wp\/v2\/product"}],"about":[{"href":"https:\/\/adam-watermotors.de\/pl\/wp-json\/wp\/v2\/types\/product"}],"wp:featuredmedia":[{"embeddable":true,"href":"https:\/\/adam-watermotors.de\/pl\/wp-json\/wp\/v2\/media\/1676"}],"wp:attachment":[{"href":"https:\/\/adam-watermotors.de\/pl\/wp-json\/wp\/v2\/media?parent=1698"}],"wp:term":[{"taxonomy":"product_brand","embeddable":true,"href":"https:\/\/adam-watermotors.de\/pl\/wp-json\/wp\/v2\/product_brand?post=1698"},{"taxonomy":"product_cat","embeddable":true,"href":"https:\/\/adam-watermotors.de\/pl\/wp-json\/wp\/v2\/product_cat?post=1698"},{"taxonomy":"product_tag","embeddable":true,"href":"https:\/\/adam-watermotors.de\/pl\/wp-json\/wp\/v2\/product_tag?post=1698"}],"curies":[{"name":"wp","href":"https:\/\/api.w.org\/{rel}","templated":true}]}}