{"id":1705,"date":"2025-07-04T13:41:34","date_gmt":"2025-07-04T11:41:34","guid":{"rendered":"https:\/\/adam-watermotors.de\/?post_type=product&#038;p=1705"},"modified":"2025-07-10T17:39:26","modified_gmt":"2025-07-10T15:39:26","slug":"f6dmhl","status":"publish","type":"product","link":"https:\/\/adam-watermotors.de\/pl\/aussenborder\/f6dmhl\/","title":{"rendered":"F6DMHL"},"content":{"rendered":"<div class=\"styled__ContainerStyled-sc-1pg5x44-0 ixRWEV\">\n<div class=\"Row-sc-1t8ifd-0 styled__RowStyled-sc-2pzm2i-0 hIhdaX hpWEtG\">\n<div class=\"Col__CommonColStyled-sc-1vakr7x-0 Col-sc-1vakr7x-1 AibYF lnMkcd\">\n<div class=\"et_pb_module et_pb_text et_pb_text_4_tb_body et_pb_text_align_left et_pb_bg_layout_light\">\n<div class=\"et_pb_text_inner\">\n<h2 data-start=\"153\" data-end=\"180\"><strong data-start=\"157\" data-end=\"180\">Kompaktowy i wydajny<\/strong><\/h2>\n<p data-start=\"182\" data-end=\"627\">Yamaha F6DMHL to idealne rozwi\u0105zanie dla ka\u017cdego, kto szuka przeno\u015bnego silnika zaburtowego o wysokim momencie obrotowym i d\u0142ugim wale. P\u0142ynnie pracuj\u0105cy 4-suwowy silnik dwucylindrowy o pojemno\u015bci 212 cm\u00b3 zapewnia moc 6 KM i imponuje wysok\u0105 wydajno\u015bci\u0105, niskim zu\u017cyciem paliwa i nisk\u0105 emisj\u0105 spalin. Dzi\u0119ki wadze oko\u0142o 41 kg i solidnemu uchwytowi do przenoszenia mo\u017ce by\u0107 elastycznie u\u017cywany - zar\u00f3wno do \u0142odzi \u017caglowych, ponton\u00f3w, jak i wi\u0119kszych nadmuchiwanych \u0142odzi.<\/p>\n<p data-start=\"629\" data-end=\"1015\">Zewn\u0119trzny zbiornik paliwa o pojemno\u015bci 12 litr\u00f3w zapewnia du\u017cy zasi\u0119g. Zap\u0142on CDI umo\u017cliwia niezawodny rozruch r\u0119czny, a uk\u0142ad kierowniczy 180\u00b0, dr\u0105\u017cek zmiany bieg\u00f3w F-N-R (prz\u00f3d-neutralny-ty\u0142) i p\u0142aska pozycja na wodzie gwarantuj\u0105 precyzyjne manewrowanie. Solidna konstrukcja i sprawdzona technologia Yamahy sprawiaj\u0105, \u017ce F6DMHL jest silnym partnerem do rekreacji i codziennego u\u017cytku na wodzie.<\/p>\n<\/div>\n<\/div>\n<\/div>\n<\/div>\n<\/div>","protected":false},"excerpt":{"rendered":"<p>Yamaha F6 DMHL to przeno\u015bny 4-suwowy silnik zaburtowy o mocy 6 KM z d\u0142ugim wa\u0142em. Dzi\u0119ki dwucylindrowemu silnikowi o pojemno\u015bci 212 cm\u00b3 oferuje imponuj\u0105cy moment obrotowy, p\u0142ynn\u0105 prac\u0119 i wysok\u0105 wydajno\u015b\u0107 - idealny do \u0142odzi rekreacyjnych i \u015br\u00f3dl\u0105dowych, a tak\u017ce do u\u017cytku komercyjnego.<\/p>","protected":false},"featured_media":1704,"template":"","meta":{"_acf_changed":false,"_et_pb_use_builder":"","_et_pb_old_content":"","_et_gb_content_width":""},"product_brand":[],"product_cat":[25],"product_tag":[],"class_list":{"0":"post-1705","1":"product","2":"type-product","3":"status-publish","4":"has-post-thumbnail","6":"product_cat-aussenborder","8":"first","9":"instock","10":"virtual","11":"purchasable","12":"product-type-simple"},"acf":[],"_links":{"self":[{"href":"https:\/\/adam-watermotors.de\/pl\/wp-json\/wp\/v2\/product\/1705","targetHints":{"allow":["GET"]}}],"collection":[{"href":"https:\/\/adam-watermotors.de\/pl\/wp-json\/wp\/v2\/product"}],"about":[{"href":"https:\/\/adam-watermotors.de\/pl\/wp-json\/wp\/v2\/types\/product"}],"wp:featuredmedia":[{"embeddable":true,"href":"https:\/\/adam-watermotors.de\/pl\/wp-json\/wp\/v2\/media\/1704"}],"wp:attachment":[{"href":"https:\/\/adam-watermotors.de\/pl\/wp-json\/wp\/v2\/media?parent=1705"}],"wp:term":[{"taxonomy":"product_brand","embeddable":true,"href":"https:\/\/adam-watermotors.de\/pl\/wp-json\/wp\/v2\/product_brand?post=1705"},{"taxonomy":"product_cat","embeddable":true,"href":"https:\/\/adam-watermotors.de\/pl\/wp-json\/wp\/v2\/product_cat?post=1705"},{"taxonomy":"product_tag","embeddable":true,"href":"https:\/\/adam-watermotors.de\/pl\/wp-json\/wp\/v2\/product_tag?post=1705"}],"curies":[{"name":"wp","href":"https:\/\/api.w.org\/{rel}","templated":true}]}}