{"id":220,"date":"2025-06-29T22:36:52","date_gmt":"2025-06-29T20:36:52","guid":{"rendered":"https:\/\/adam-watermotors.de\/?post_type=product&#038;p=220"},"modified":"2025-07-02T19:57:10","modified_gmt":"2025-07-02T17:57:10","slug":"fx-ho","status":"publish","type":"product","link":"https:\/\/adam-watermotors.de\/pl\/waverunner\/fx-ho\/","title":{"rendered":"FX HO"},"content":{"rendered":"<div class=\"styled__ContainerStyled-sc-1pg5x44-0 ixRWEV\">\n<div class=\"Row-sc-1t8ifd-0 styled__RowStyled-sc-2pzm2i-0 hIhdaX hpWEtG\">\n<div class=\"Col__CommonColStyled-sc-1vakr7x-0 Col-sc-1vakr7x-1 AibYF lnMkcd\">\n<div class=\"et_pb_module et_pb_text et_pb_text_4_tb_body et_pb_text_align_left et_pb_bg_layout_light\">\n<div class=\"et_pb_text_inner\">\n<h2><strong>Imponuj\u0105ce pod ka\u017cdym wzgl\u0119dem.<\/strong><\/h2>\n<\/div>\n<\/div>\n<div class=\"et_pb_module et_pb_text et_pb_text_5_tb_body et_pb_text_align_left et_pb_bg_layout_light\">\n<div class=\"et_pb_text_inner\">\n<p>Nowy, mocny silnik o pojemno\u015bci 1898 cm3 z wysokoci\u015bnieniow\u0105 pomp\u0105 paliwa i inteligentnym elektronicznym systemem sterowania przepustnic\u0105 rozwija swoj\u0105 moc p\u0142ynnie, sprawnie i wydajnie. Elegancki kszta\u0142t kad\u0142uba wykonany z naszego unikalnego, l\u017cejszego pok\u0142adu NanoXcel2\u00ae i niezwyk\u0142y system RiDE\u00ae zapewniaj\u0105 najbardziej komfortowe i stabilne prowadzenie, jakiego kiedykolwiek do\u015bwiadczy\u0142e\u015b. FX HO to prawdziwie wszechstronny model. Funkcje takie jak zupe\u0142nie nowy 7-calowy ekran dotykowy Connext\u00ae z zaawansowanymi trybami bezpiecze\u0144stwa i jazdy, tryb bez budzenia i tempomat, luksusowe siedzenia dla trzech os\u00f3b, du\u017ca i stabilna platforma k\u0105pielowa, wyj\u0105tkowo g\u0142\u0119boki stopie\u0144, dwa uchwyty i mn\u00f3stwo miejsca do przechowywania gwarantuj\u0105 pierwszorz\u0119dne wra\u017cenia - samemu, z partnerem, rodzin\u0105 lub przyjaci\u00f3\u0142mi.<\/p>\n<\/div>\n<\/div>\n<\/div>\n<\/div>\n<\/div>","protected":false},"excerpt":{"rendered":"<p>FX HO to doskona\u0142y wyb\u00f3r na relaksuj\u0105ce wycieczki lub sportowe przygody. Szukasz skutera wodnego, kt\u00f3ry oferuje idealn\u0105 r\u00f3wnowag\u0119 mi\u0119dzy osi\u0105gami a komfortem i jest wyposa\u017cony w szereg funkcji, kt\u00f3re sprawiaj\u0105, \u017ce jazda nim jest jeszcze przyjemniejsza? Je\u015bli tak, pokochasz WaveRunner\u00ae. Zakochasz si\u0119 po uszy w tej wyrafinowanej maszynie w kolorze Pure White Solid z detalami Pale Cyan.<\/p>","protected":false},"featured_media":312,"template":"","meta":{"_acf_changed":false,"_et_pb_use_builder":"","_et_pb_old_content":"","_et_gb_content_width":""},"product_brand":[],"product_cat":[24],"product_tag":[],"class_list":{"0":"post-220","1":"product","2":"type-product","3":"status-publish","4":"has-post-thumbnail","6":"product_cat-waverunner","8":"first","9":"instock","10":"virtual","11":"purchasable","12":"product-type-simple"},"acf":[],"_links":{"self":[{"href":"https:\/\/adam-watermotors.de\/pl\/wp-json\/wp\/v2\/product\/220","targetHints":{"allow":["GET"]}}],"collection":[{"href":"https:\/\/adam-watermotors.de\/pl\/wp-json\/wp\/v2\/product"}],"about":[{"href":"https:\/\/adam-watermotors.de\/pl\/wp-json\/wp\/v2\/types\/product"}],"wp:featuredmedia":[{"embeddable":true,"href":"https:\/\/adam-watermotors.de\/pl\/wp-json\/wp\/v2\/media\/312"}],"wp:attachment":[{"href":"https:\/\/adam-watermotors.de\/pl\/wp-json\/wp\/v2\/media?parent=220"}],"wp:term":[{"taxonomy":"product_brand","embeddable":true,"href":"https:\/\/adam-watermotors.de\/pl\/wp-json\/wp\/v2\/product_brand?post=220"},{"taxonomy":"product_cat","embeddable":true,"href":"https:\/\/adam-watermotors.de\/pl\/wp-json\/wp\/v2\/product_cat?post=220"},{"taxonomy":"product_tag","embeddable":true,"href":"https:\/\/adam-watermotors.de\/pl\/wp-json\/wp\/v2\/product_tag?post=220"}],"curies":[{"name":"wp","href":"https:\/\/api.w.org\/{rel}","templated":true}]}}