{"id":922,"date":"2025-07-02T20:54:51","date_gmt":"2025-07-02T18:54:51","guid":{"rendered":"https:\/\/adam-watermotors.de\/?post_type=product&#038;p=922"},"modified":"2025-07-02T21:26:39","modified_gmt":"2025-07-02T19:26:39","slug":"gp-svho","status":"publish","type":"product","link":"https:\/\/adam-watermotors.de\/pl\/waverunner\/gp-svho\/","title":{"rendered":"GP SVHO"},"content":{"rendered":"<div class=\"styled__ContainerStyled-sc-1pg5x44-0 ixRWEV\">\n<div class=\"Row-sc-1t8ifd-0 styled__RowStyled-sc-2pzm2i-0 hIhdaX hpWEtG\">\n<div class=\"Col__CommonColStyled-sc-1vakr7x-0 Col-sc-1vakr7x-1 AibYF lnMkcd\">\n<div class=\"et_pb_module et_pb_text et_pb_text_4_tb_body et_pb_text_align_left et_pb_bg_layout_light\">\n<div class=\"et_pb_text_inner\">\n<h2 class=\"typography__HeadingLevel2-sc-17h5z1x-1 styled__HeadingLevel2Styled-sc-2pzm2i-1 ecXnVa jNUtxF\"><strong>Najwy\u017csza wydajno\u015b\u0107<\/strong><\/h2>\n<p class=\"typography__RegularTextLevel3-sc-17h5z1x-6 styled__RegularTextLevel3Styled-sc-2pzm2i-2 llHpNi kayiqw\">Do\u015bwiadcz rado\u015bci z wybuchowych osi\u0105g\u00f3w na najwy\u017cszym poziomie. GP SVHO to wiod\u0105cy model w swojej klasie z szeregiem innowacji technicznych, kt\u00f3re sprawiaj\u0105, \u017ce jazda jest czyst\u0105 przyjemno\u015bci\u0105. Charakterystyczn\u0105 cech\u0105 pojazdu Yamaha Motor jest lekki kad\u0142ub NanoXcel2\u00ae, kt\u00f3ry w po\u0142\u0105czeniu z rewolucyjnym systemem sterowania RiDE\u00ae zapewnia pierwszorz\u0119dne osi\u0105gi.<\/p>\n<p class=\"typography__RegularTextLevel3-sc-17h5z1x-6 llHpNi\">Zadbali\u015bmy o najdrobniejsze szczeg\u00f3\u0142y, aby\u015b m\u00f3g\u0142 do\u015bwiadczy\u0107 doskona\u0142ego odbicia i wyj\u0105tkowej kontroli. Inspirowana wy\u015bcigami krata wlotowa i kszta\u0142t kad\u0142uba poprawiaj\u0105 prowadzenie, pokonywanie zakr\u0119t\u00f3w i zachowanie na wzburzonej wodzie. Ni\u017cszy \u015brodek ci\u0119\u017cko\u015bci, ulepszona ergonomia siedzenia i konstrukcja kierownicy r\u00f3wnie\u017c zapewniaj\u0105 lepsze wra\u017cenia z jazdy.<\/p>\n<\/div>\n<\/div>\n<\/div>\n<\/div>\n<\/div>","protected":false},"excerpt":{"rendered":"<p>Podnie\u015b poziom adrenaliny dzi\u0119ki imponuj\u0105cemu, inspirowanemu wy\u015bcigami GP SVHO w dynamicznym, kultowym kolorze Deep Purple Blue Metallic. Niezwykle mocny czterocylindrowy silnik SVHO z do\u0142adowaniem wyznacza nowy standard dla okre\u015blenia \"ekstremalny\". Lekki kad\u0142ub, elegancka konstrukcja i precyzyjne prowadzenie pozwalaj\u0105 na bezkompromisowe pokonywanie fal.<\/p>","protected":false},"featured_media":930,"template":"","meta":{"_acf_changed":false,"_et_pb_use_builder":"","_et_pb_old_content":"","_et_gb_content_width":""},"product_brand":[],"product_cat":[24],"product_tag":[],"class_list":{"0":"post-922","1":"product","2":"type-product","3":"status-publish","4":"has-post-thumbnail","6":"product_cat-waverunner","8":"first","9":"instock","10":"virtual","11":"purchasable","12":"product-type-simple"},"acf":[],"_links":{"self":[{"href":"https:\/\/adam-watermotors.de\/pl\/wp-json\/wp\/v2\/product\/922","targetHints":{"allow":["GET"]}}],"collection":[{"href":"https:\/\/adam-watermotors.de\/pl\/wp-json\/wp\/v2\/product"}],"about":[{"href":"https:\/\/adam-watermotors.de\/pl\/wp-json\/wp\/v2\/types\/product"}],"wp:featuredmedia":[{"embeddable":true,"href":"https:\/\/adam-watermotors.de\/pl\/wp-json\/wp\/v2\/media\/930"}],"wp:attachment":[{"href":"https:\/\/adam-watermotors.de\/pl\/wp-json\/wp\/v2\/media?parent=922"}],"wp:term":[{"taxonomy":"product_brand","embeddable":true,"href":"https:\/\/adam-watermotors.de\/pl\/wp-json\/wp\/v2\/product_brand?post=922"},{"taxonomy":"product_cat","embeddable":true,"href":"https:\/\/adam-watermotors.de\/pl\/wp-json\/wp\/v2\/product_cat?post=922"},{"taxonomy":"product_tag","embeddable":true,"href":"https:\/\/adam-watermotors.de\/pl\/wp-json\/wp\/v2\/product_tag?post=922"}],"curies":[{"name":"wp","href":"https:\/\/api.w.org\/{rel}","templated":true}]}}