{"id":940,"date":"2025-07-02T21:28:35","date_gmt":"2025-07-02T19:28:35","guid":{"rendered":"https:\/\/adam-watermotors.de\/?post_type=product&#038;p=940"},"modified":"2025-07-03T07:26:14","modified_gmt":"2025-07-03T05:26:14","slug":"gp-ho","status":"publish","type":"product","link":"https:\/\/adam-watermotors.de\/pl\/waverunner\/gp-ho\/","title":{"rendered":"GP HO"},"content":{"rendered":"<div class=\"styled__ContainerStyled-sc-1pg5x44-0 ixRWEV\">\n<div class=\"Row-sc-1t8ifd-0 styled__RowStyled-sc-2pzm2i-0 hIhdaX hpWEtG\">\n<div class=\"Col__CommonColStyled-sc-1vakr7x-0 Col-sc-1vakr7x-1 AibYF lnMkcd\">\n<div class=\"et_pb_module et_pb_text et_pb_text_4_tb_body et_pb_text_align_left et_pb_bg_layout_light\">\n<div class=\"et_pb_text_inner\">\n<h2 class=\"typography__HeadingLevel2-sc-17h5z1x-1 styled__HeadingLevel2Styled-sc-2pzm2i-1 ecXnVa jNUtxF\"><strong>Stworzony dla mi\u0142o\u015bnik\u00f3w adrenaliny.<\/strong><\/h2>\n<p class=\"typography__RegularTextLevel3-sc-17h5z1x-6 styled__RegularTextLevel3Styled-sc-2pzm2i-2 llHpNi kayiqw\">Dzi\u0119ki naszemu najnowszemu wysokowydajnemu czterosuwowemu silnikowi o pojemno\u015bci 1,9 litra - najwi\u0119kszemu w bran\u017cy - mo\u017cesz wcisn\u0105\u0107 gaz do dechy i ruszy\u0107 z imponuj\u0105c\u0105 pr\u0119dko\u015bci\u0105. Innowacyjne systemy wspomagaj\u0105ce jazd\u0119, takie jak inspirowana wy\u015bcigami krata wlotowa i p\u0142yta jezdna, poprawiaj\u0105 przyspieszenie, pokonywanie zakr\u0119t\u00f3w i ruszanie na wzburzonej wodzie.<\/p>\n<p class=\"typography__RegularTextLevel3-sc-17h5z1x-6 llHpNi\">Dzi\u0119ki zoptymalizowanej pozycji siedz\u0105cej, kszta\u0142towi kierownicy, ni\u017cszej przestrzeni na stopy i ni\u017cej po\u0142o\u017conemu \u015brodkowi ci\u0119\u017cko\u015bci w ultralekkiej owiewce, motocyklista cieszy si\u0119 pe\u0142n\u0105 pewno\u015bci\u0105 prowadzenia. System Auto-Trim z automatycznym startem i kontrol\u0105 pokonywania zakr\u0119t\u00f3w przenosi GP HO na wy\u017cszy poziom.<\/p>\n<\/div>\n<\/div>\n<\/div>\n<\/div>\n<\/div>","protected":false},"excerpt":{"rendered":"<p>Podbij fale - z adrenalin\u0105 i wydajno\u015bci\u0105 w nowej, eleganckiej, czarnej obudowie i sportowym wystroju. Najnowszy GP HO to czysta maszyna sportowa - od ultralekkiego kad\u0142uba po pierwszy w historii automatyczny trymer, kt\u00f3ry pozwala przebija\u0107 si\u0119 przez fale podczas pokonywania zakr\u0119t\u00f3w jak nigdy dot\u0105d. Ka\u017cda z jego funkcji zosta\u0142a zaprojektowana tak, aby zapewni\u0107 ekscytuj\u0105c\u0105 akcj\u0119.<\/p>","protected":false},"featured_media":1149,"template":"","meta":{"_acf_changed":false,"_et_pb_use_builder":"","_et_pb_old_content":"","_et_gb_content_width":""},"product_brand":[],"product_cat":[24],"product_tag":[],"class_list":{"0":"post-940","1":"product","2":"type-product","3":"status-publish","4":"has-post-thumbnail","6":"product_cat-waverunner","8":"first","9":"instock","10":"virtual","11":"purchasable","12":"product-type-simple"},"acf":[],"_links":{"self":[{"href":"https:\/\/adam-watermotors.de\/pl\/wp-json\/wp\/v2\/product\/940","targetHints":{"allow":["GET"]}}],"collection":[{"href":"https:\/\/adam-watermotors.de\/pl\/wp-json\/wp\/v2\/product"}],"about":[{"href":"https:\/\/adam-watermotors.de\/pl\/wp-json\/wp\/v2\/types\/product"}],"wp:featuredmedia":[{"embeddable":true,"href":"https:\/\/adam-watermotors.de\/pl\/wp-json\/wp\/v2\/media\/1149"}],"wp:attachment":[{"href":"https:\/\/adam-watermotors.de\/pl\/wp-json\/wp\/v2\/media?parent=940"}],"wp:term":[{"taxonomy":"product_brand","embeddable":true,"href":"https:\/\/adam-watermotors.de\/pl\/wp-json\/wp\/v2\/product_brand?post=940"},{"taxonomy":"product_cat","embeddable":true,"href":"https:\/\/adam-watermotors.de\/pl\/wp-json\/wp\/v2\/product_cat?post=940"},{"taxonomy":"product_tag","embeddable":true,"href":"https:\/\/adam-watermotors.de\/pl\/wp-json\/wp\/v2\/product_tag?post=940"}],"curies":[{"name":"wp","href":"https:\/\/api.w.org\/{rel}","templated":true}]}}