{"id":958,"date":"2025-07-02T21:46:18","date_gmt":"2025-07-02T19:46:18","guid":{"rendered":"https:\/\/adam-watermotors.de\/?post_type=product&#038;p=958"},"modified":"2025-08-07T08:38:41","modified_gmt":"2025-08-07T06:38:41","slug":"voyager-19-s","status":"publish","type":"product","link":"https:\/\/adam-watermotors.de\/pl\/boote\/voyager-19-s\/","title":{"rendered":"VOYAGER 19 S"},"content":{"rendered":"<h2 data-start=\"0\" data-end=\"46\"><strong data-start=\"23\" data-end=\"46\">Kompaktowy i sportowy<\/strong><\/h2>\n<p data-start=\"48\" data-end=\"353\">Ranieri Voyager 19 S to sportowa i kompaktowa \u0142\u00f3d\u017a konsolowa z serii Open Line firmy Ranieri International. Przy d\u0142ugo\u015bci 5,65 m i szeroko\u015bci 2,20 m oferuje miejsce dla maksymalnie 7 os\u00f3b - idealne na rodzinne wycieczki, sporty wodne lub relaksuj\u0105ce dni na wodzie.<\/p>\n<p data-start=\"644\" data-end=\"1002\">Standardowe wyposa\u017cenie obejmuje sk\u0142adany fotel kierowcy, mechaniczny uk\u0142ad kierowniczy, por\u0119cze ze stali nierdzewnej, o\u015bwietlenie nawigacyjne oraz automatyczn\u0105 i r\u0119czn\u0105 pomp\u0119 z\u0119zow\u0105. Opcjonalnie \u0142\u00f3d\u017a mo\u017cna doposa\u017cy\u0107 w 105-litrowy zbiornik paliwa, 40-litrowy zbiornik wody, podwodne o\u015bwietlenie LED, zestaw do nart wodnych, system muzyczny lub elektryczn\u0105 wci\u0105gark\u0119 kotwiczn\u0105.<\/p>\n<p data-start=\"1004\" data-end=\"1213\" data-is-last-node=\"\" data-is-only-node=\"\">Voyager 19 S \u0142\u0105czy w\u0142oski design z praktycznymi funkcjami i wysokiej jako\u015bci wykonaniem - idealny zar\u00f3wno dla pocz\u0105tkuj\u0105cych, jak i do\u015bwiadczonych \u017ceglarzy, kt\u00f3rzy ceni\u0105 sobie wszechstronno\u015b\u0107, styl i wydajno\u015b\u0107.<\/p>","protected":false},"excerpt":{"rendered":"<p>Ranieri Voyager 19 S to wszechstronna \u0142\u00f3d\u017a konsolowa o d\u0142ugo\u015bci 5,65 m dla maksymalnie 7 os\u00f3b. Dzi\u0119ki sportowemu designowi, technologii stopniowanego kad\u0142uba HIS i opcjonalnemu wyposa\u017ceniu, takiemu jak le\u017cak, por\u0119cze ze stali nierdzewnej i o\u015bwietlenie LED, idealnie nadaje si\u0119 na jednodniowe wycieczki i uprawianie sport\u00f3w wodnych. Maksymalna moc silnika wynosi 140 KM, co umo\u017cliwia osi\u0105gni\u0119cie pr\u0119dko\u015bci maksymalnej do 27 w\u0119z\u0142\u00f3w.<\/p>","protected":false},"featured_media":1028,"template":"","meta":{"_acf_changed":false,"_et_pb_use_builder":"","_et_pb_old_content":"","_et_gb_content_width":""},"product_brand":[],"product_cat":[23],"product_tag":[],"class_list":{"0":"post-958","1":"product","2":"type-product","3":"status-publish","4":"has-post-thumbnail","6":"product_cat-boote","8":"first","9":"instock","10":"shipping-taxable","11":"purchasable","12":"product-type-simple"},"acf":[],"_links":{"self":[{"href":"https:\/\/adam-watermotors.de\/pl\/wp-json\/wp\/v2\/product\/958","targetHints":{"allow":["GET"]}}],"collection":[{"href":"https:\/\/adam-watermotors.de\/pl\/wp-json\/wp\/v2\/product"}],"about":[{"href":"https:\/\/adam-watermotors.de\/pl\/wp-json\/wp\/v2\/types\/product"}],"wp:featuredmedia":[{"embeddable":true,"href":"https:\/\/adam-watermotors.de\/pl\/wp-json\/wp\/v2\/media\/1028"}],"wp:attachment":[{"href":"https:\/\/adam-watermotors.de\/pl\/wp-json\/wp\/v2\/media?parent=958"}],"wp:term":[{"taxonomy":"product_brand","embeddable":true,"href":"https:\/\/adam-watermotors.de\/pl\/wp-json\/wp\/v2\/product_brand?post=958"},{"taxonomy":"product_cat","embeddable":true,"href":"https:\/\/adam-watermotors.de\/pl\/wp-json\/wp\/v2\/product_cat?post=958"},{"taxonomy":"product_tag","embeddable":true,"href":"https:\/\/adam-watermotors.de\/pl\/wp-json\/wp\/v2\/product_tag?post=958"}],"curies":[{"name":"wp","href":"https:\/\/api.w.org\/{rel}","templated":true}]}}