{"id":981,"date":"2025-07-02T22:31:56","date_gmt":"2025-07-02T20:31:56","guid":{"rendered":"https:\/\/adam-watermotors.de\/?post_type=product&#038;p=981"},"modified":"2025-07-03T00:24:47","modified_gmt":"2025-07-02T22:24:47","slug":"superjet","status":"publish","type":"product","link":"https:\/\/adam-watermotors.de\/pl\/waverunner\/superjet\/","title":{"rendered":"SuperJet"},"content":{"rendered":"<div class=\"styled__ContainerStyled-sc-1pg5x44-0 ixRWEV\">\n<div class=\"Row-sc-1t8ifd-0 styled__RowStyled-sc-2pzm2i-0 hIhdaX hpWEtG\">\n<div class=\"Col__CommonColStyled-sc-1vakr7x-0 Col-sc-1vakr7x-1 AibYF lnMkcd\">\n<div class=\"et_pb_module et_pb_text et_pb_text_4_tb_body et_pb_text_align_left et_pb_bg_layout_light\">\n<div class=\"et_pb_text_inner\">\n<h2 class=\"typography__HeadingLevel2-sc-17h5z1x-1 styled__HeadingLevel2Styled-sc-2pzm2i-1 ecXnVa jNUtxF\"><strong>Po prostu super.<\/strong><\/h2>\n<p class=\"typography__RegularTextLevel3-sc-17h5z1x-6 styled__RegularTextLevel3Styled-sc-2pzm2i-2 llHpNi kayiqw\">Dzi\u0119ki \u017cwawemu trzycylindrowemu silnikowi czterosuwowemu, elegancki i ultralekki SuperJet zapewnia pot\u0119\u017cne po\u0142\u0105czenie szybkiego przyspieszenia na szybkich prostych, a jego zwinno\u015b\u0107, zwrotno\u015b\u0107 i kontrola pozwalaj\u0105 pokonywa\u0107 zakr\u0119ty jak nigdy dot\u0105d.<\/p>\n<p class=\"typography__RegularTextLevel3-sc-17h5z1x-6 llHpNi\">Wci\u0105\u017c rozwijasz wyczucie jazdy na poziomie zawodniczym? Szersza konstrukcja kad\u0142uba i tryb \"L\" u\u0142atwiaj\u0105 nauk\u0119 i przybli\u017caj\u0105 emocje zwi\u0105zane z jazd\u0105 na stoj\u0105co wi\u0119kszej liczbie entuzjast\u00f3w. Szeroka gama regulowanych funkcji sprawia, \u017ce pocz\u0105tkuj\u0105cy i rekreacyjni riderzy znajduj\u0105 si\u0119 w swojej strefie komfortu i przygotowuj\u0105 si\u0119 do bezwysi\u0142kowego cieszenia si\u0119 nowym sposobem jazdy.<\/p>\n<\/div>\n<\/div>\n<\/div>\n<\/div>\n<\/div>","protected":false},"excerpt":{"rendered":"<p>Podbij fale - z adrenalin\u0105 i wydajno\u015bci\u0105 w nowej, eleganckiej, czarnej obudowie i sportowym wystroju. Najnowszy GP HO to czysta maszyna sportowa - od ultralekkiego kad\u0142uba po pierwszy w historii automatyczny trymer, kt\u00f3ry pozwala przebija\u0107 si\u0119 przez fale podczas pokonywania zakr\u0119t\u00f3w jak nigdy dot\u0105d. Ka\u017cda z jego funkcji zosta\u0142a zaprojektowana tak, aby zapewni\u0107 ekscytuj\u0105c\u0105 akcj\u0119.<\/p>","protected":false},"featured_media":992,"template":"","meta":{"_acf_changed":false,"_et_pb_use_builder":"","_et_pb_old_content":"","_et_gb_content_width":""},"product_brand":[],"product_cat":[24],"product_tag":[],"class_list":{"0":"post-981","1":"product","2":"type-product","3":"status-publish","4":"has-post-thumbnail","6":"product_cat-waverunner","8":"first","9":"instock","10":"virtual","11":"purchasable","12":"product-type-simple"},"acf":[],"_links":{"self":[{"href":"https:\/\/adam-watermotors.de\/pl\/wp-json\/wp\/v2\/product\/981","targetHints":{"allow":["GET"]}}],"collection":[{"href":"https:\/\/adam-watermotors.de\/pl\/wp-json\/wp\/v2\/product"}],"about":[{"href":"https:\/\/adam-watermotors.de\/pl\/wp-json\/wp\/v2\/types\/product"}],"wp:featuredmedia":[{"embeddable":true,"href":"https:\/\/adam-watermotors.de\/pl\/wp-json\/wp\/v2\/media\/992"}],"wp:attachment":[{"href":"https:\/\/adam-watermotors.de\/pl\/wp-json\/wp\/v2\/media?parent=981"}],"wp:term":[{"taxonomy":"product_brand","embeddable":true,"href":"https:\/\/adam-watermotors.de\/pl\/wp-json\/wp\/v2\/product_brand?post=981"},{"taxonomy":"product_cat","embeddable":true,"href":"https:\/\/adam-watermotors.de\/pl\/wp-json\/wp\/v2\/product_cat?post=981"},{"taxonomy":"product_tag","embeddable":true,"href":"https:\/\/adam-watermotors.de\/pl\/wp-json\/wp\/v2\/product_tag?post=981"}],"curies":[{"name":"wp","href":"https:\/\/api.w.org\/{rel}","templated":true}]}}