{"id":998,"date":"2025-07-02T23:28:51","date_gmt":"2025-07-02T21:28:51","guid":{"rendered":"https:\/\/adam-watermotors.de\/?post_type=product&#038;p=998"},"modified":"2025-07-03T00:25:23","modified_gmt":"2025-07-02T22:25:23","slug":"fx-cruiser-svho","status":"publish","type":"product","link":"https:\/\/adam-watermotors.de\/pl\/waverunner\/fx-cruiser-svho\/","title":{"rendered":"FX Cruiser SVHO"},"content":{"rendered":"<h2 class=\"typography__HeadingLevel2-sc-17h5z1x-1 styled__HeadingLevel2Styled-sc-2pzm2i-1 ecXnVa jNUtxF\"><strong>Wszystkie emocje, ca\u0142y relaks.<\/strong><\/h2>\n<p class=\"typography__RegularTextLevel3-sc-17h5z1x-6 styled__RegularTextLevel3Styled-sc-2pzm2i-2 llHpNi kayiqw\">Imponuj\u0105ce osi\u0105gi i niesamowite prowadzenie. Do\u0142adowany silnik SVHO doskonale wsp\u00f3\u0142gra z eleganckim kszta\u0142tem owiewki i lekkim kad\u0142ubem, zapewniaj\u0105c doskona\u0142e osi\u0105gi i stabilne, zwinne prowadzenie, uzupe\u0142nione naszym rewolucyjnym i intuicyjnym systemem sterowania RiDE\u00ae.<\/p>\n<p class=\"typography__RegularTextLevel3-sc-17h5z1x-6 llHpNi\">Najnowocze\u015bniejsze, w pe\u0142ni elektroniczne systemy sterowania sprawiaj\u0105, \u017ce FX Cruiser SVHO jest pionierem w dziedzinie komfortu, wygody i kontroli, z takimi funkcjami jak tempomat, trzystopniowy tryb bez budzenia, elektroniczny bieg wsteczny i T.D.E. (Thrust Directional Enhancement Control) oraz trzyosobowa kanapa montowana ty\u0142em do kierunku jazdy.<\/p>","protected":false},"excerpt":{"rendered":"<p>Podbij fale - z adrenalin\u0105 i wydajno\u015bci\u0105 w nowej, eleganckiej, czarnej obudowie i sportowym wystroju. Najnowszy GP HO to czysta maszyna sportowa - od ultralekkiego kad\u0142uba po pierwszy w historii automatyczny trymer, kt\u00f3ry pozwala przebija\u0107 si\u0119 przez fale podczas pokonywania zakr\u0119t\u00f3w jak nigdy dot\u0105d. Ka\u017cda z jego funkcji zosta\u0142a zaprojektowana tak, aby zapewni\u0107 ekscytuj\u0105c\u0105 akcj\u0119.<\/p>","protected":false},"featured_media":1008,"template":"","meta":{"_acf_changed":false,"_et_pb_use_builder":"","_et_pb_old_content":"","_et_gb_content_width":""},"product_brand":[],"product_cat":[24],"product_tag":[],"class_list":{"0":"post-998","1":"product","2":"type-product","3":"status-publish","4":"has-post-thumbnail","6":"product_cat-waverunner","8":"first","9":"instock","10":"virtual","11":"purchasable","12":"product-type-simple"},"acf":[],"_links":{"self":[{"href":"https:\/\/adam-watermotors.de\/pl\/wp-json\/wp\/v2\/product\/998","targetHints":{"allow":["GET"]}}],"collection":[{"href":"https:\/\/adam-watermotors.de\/pl\/wp-json\/wp\/v2\/product"}],"about":[{"href":"https:\/\/adam-watermotors.de\/pl\/wp-json\/wp\/v2\/types\/product"}],"wp:featuredmedia":[{"embeddable":true,"href":"https:\/\/adam-watermotors.de\/pl\/wp-json\/wp\/v2\/media\/1008"}],"wp:attachment":[{"href":"https:\/\/adam-watermotors.de\/pl\/wp-json\/wp\/v2\/media?parent=998"}],"wp:term":[{"taxonomy":"product_brand","embeddable":true,"href":"https:\/\/adam-watermotors.de\/pl\/wp-json\/wp\/v2\/product_brand?post=998"},{"taxonomy":"product_cat","embeddable":true,"href":"https:\/\/adam-watermotors.de\/pl\/wp-json\/wp\/v2\/product_cat?post=998"},{"taxonomy":"product_tag","embeddable":true,"href":"https:\/\/adam-watermotors.de\/pl\/wp-json\/wp\/v2\/product_tag?post=998"}],"curies":[{"name":"wp","href":"https:\/\/api.w.org\/{rel}","templated":true}]}}