{"id":1235,"date":"2025-07-03T10:10:34","date_gmt":"2025-07-03T08:10:34","guid":{"rendered":"https:\/\/adam-watermotors.de\/?post_type=product&#038;p=1235"},"modified":"2025-08-07T08:39:05","modified_gmt":"2025-08-07T06:39:05","slug":"voyager-23-s","status":"publish","type":"product","link":"https:\/\/adam-watermotors.de\/ru\/boote\/voyager-23-s\/","title":{"rendered":"VOYAGER 23 S"},"content":{"rendered":"<h2 data-start=\"224\" data-end=\"247\"><strong data-start=\"224\" data-end=\"247\">Sportlicher Komfort<\/strong><\/h2>\n<p data-start=\"249\" data-end=\"540\">\u0421\u0430\u0439\u0442 <em data-start=\"253\" data-end=\"267\">Voyager 23 S<\/em> von Ranieri International ist ein vielseitiges Open-Deck-Boot, das italienisches Design mit durchdachter Funktionalit\u00e4t vereint. Mit 6,75\u202fm L\u00e4nge, kraftvollem Rumpf und Platz f\u00fcr bis zu acht Personen eignet sie sich perfekt f\u00fcr Tagesausfl\u00fcge, K\u00fcstentouren und Wassersport.<\/p>\n<p data-start=\"542\" data-end=\"860\">Das Bugdeck l\u00e4sst sich flexibel zur gro\u00dfz\u00fcgigen Liegefl\u00e4che oder gem\u00fctlichen Sitzecke mit Tisch umwandeln. Die zentrale Steuerkonsole bietet gute Rundumsicht und Stauraum darunter \u2013 optional mit WC. Eine breite Badeplattform mit Teleskopleiter, zahlreiche Stauf\u00e4cher und hochwertige Details sorgen f\u00fcr Komfort an Bord.<\/p>\n<p data-start=\"862\" data-end=\"1069\">Mit bis zu 250\u202fPS Motorleistung und CE-Kategorie C \u00fcberzeugt die Voyager 23 S durch sportliches Fahrverhalten, Sicherheit und Stil \u2013 ideal f\u00fcr Freizeitkapit\u00e4ne, die Wert auf Qualit\u00e4t, Raum und Dynamik legen.<\/p>","protected":false},"excerpt":{"rendered":"<p>Voyager 23 S \u043e\u0442 Ranieri International - \u044d\u0442\u043e \u0443\u043d\u0438\u0432\u0435\u0440\u0441\u0430\u043b\u044c\u043d\u0430\u044f \u043c\u043e\u0442\u043e\u0440\u043d\u0430\u044f \u043b\u043e\u0434\u043a\u0430 \u0441 \u043e\u0442\u043a\u0440\u044b\u0442\u043e\u0439 \u043f\u0430\u043b\u0443\u0431\u043e\u0439 \u0438 \u0441\u043f\u043e\u0440\u0442\u0438\u0432\u043d\u044b\u043c \u0434\u0438\u0437\u0430\u0439\u043d\u043e\u043c, \u0440\u0430\u0441\u0441\u0447\u0438\u0442\u0430\u043d\u043d\u0430\u044f \u043d\u0430 \u0432\u043e\u0441\u0435\u043c\u044c \u0447\u0435\u043b\u043e\u0432\u0435\u043a. \u0414\u043b\u0438\u043d\u0430 6,75 \u043c, \u044d\u043a\u043e\u043d\u043e\u043c\u0438\u0447\u043d\u044b\u0439 \u043a\u043e\u0440\u043f\u0443\u0441 \u0438 \u043c\u043d\u043e\u0436\u0435\u0441\u0442\u0432\u043e \u0443\u0434\u043e\u0431\u0441\u0442\u0432 \u0434\u0435\u043b\u0430\u044e\u0442 \u044d\u0442\u0443 \u043c\u043e\u0434\u0435\u043b\u044c \u0438\u0434\u0435\u0430\u043b\u044c\u043d\u043e\u0439 \u0434\u043b\u044f \u043e\u0434\u043d\u043e\u0434\u043d\u0435\u0432\u043d\u044b\u0445 \u043f\u043e\u0435\u0437\u0434\u043e\u043a, \u0437\u0430\u043d\u044f\u0442\u0438\u0439 \u0432\u043e\u0434\u043d\u044b\u043c\u0438 \u0432\u0438\u0434\u0430\u043c\u0438 \u0441\u043f\u043e\u0440\u0442\u0430 \u0438 \u0441\u043f\u043e\u043a\u043e\u0439\u043d\u044b\u0445 \u043a\u0440\u0443\u0438\u0437\u043e\u0432 \u0432\u0434\u043e\u043b\u044c \u043f\u043e\u0431\u0435\u0440\u0435\u0436\u044c\u044f.<\/p>","protected":false},"featured_media":1241,"template":"","meta":{"_acf_changed":false,"_et_pb_use_builder":"","_et_pb_old_content":"","_et_gb_content_width":""},"product_brand":[],"product_cat":[23],"product_tag":[],"class_list":{"0":"post-1235","1":"product","2":"type-product","3":"status-publish","4":"has-post-thumbnail","6":"product_cat-boote","8":"first","9":"instock","10":"shipping-taxable","11":"purchasable","12":"product-type-simple"},"acf":[],"_links":{"self":[{"href":"https:\/\/adam-watermotors.de\/ru\/wp-json\/wp\/v2\/product\/1235","targetHints":{"allow":["GET"]}}],"collection":[{"href":"https:\/\/adam-watermotors.de\/ru\/wp-json\/wp\/v2\/product"}],"about":[{"href":"https:\/\/adam-watermotors.de\/ru\/wp-json\/wp\/v2\/types\/product"}],"wp:featuredmedia":[{"embeddable":true,"href":"https:\/\/adam-watermotors.de\/ru\/wp-json\/wp\/v2\/media\/1241"}],"wp:attachment":[{"href":"https:\/\/adam-watermotors.de\/ru\/wp-json\/wp\/v2\/media?parent=1235"}],"wp:term":[{"taxonomy":"product_brand","embeddable":true,"href":"https:\/\/adam-watermotors.de\/ru\/wp-json\/wp\/v2\/product_brand?post=1235"},{"taxonomy":"product_cat","embeddable":true,"href":"https:\/\/adam-watermotors.de\/ru\/wp-json\/wp\/v2\/product_cat?post=1235"},{"taxonomy":"product_tag","embeddable":true,"href":"https:\/\/adam-watermotors.de\/ru\/wp-json\/wp\/v2\/product_tag?post=1235"}],"curies":[{"name":"wp","href":"https:\/\/api.w.org\/{rel}","templated":true}]}}