{"id":1249,"date":"2025-07-03T10:51:17","date_gmt":"2025-07-03T08:51:17","guid":{"rendered":"https:\/\/adam-watermotors.de\/?post_type=product&#038;p=1249"},"modified":"2025-08-07T08:39:50","modified_gmt":"2025-08-07T06:39:50","slug":"voyager-23-s-copy","status":"publish","type":"product","link":"https:\/\/adam-watermotors.de\/ru\/shadow-19\/","title":{"rendered":"\u0422\u0415\u041d\u042c 19"},"content":{"rendered":"<h2 data-start=\"501\" data-end=\"522\"><strong data-start=\"501\" data-end=\"522\">Kompakter Komfort<\/strong><\/h2>\n<p data-start=\"524\" data-end=\"828\">\u0421\u0430\u0439\u0442 <em data-start=\"528\" data-end=\"539\">Shadow 19<\/em> von Ranieri International vereint sportliches Design, durchdachte Raumaufteilung und hochwertige Verarbeitung auf nur 5,65\u202fm L\u00e4nge. Trotz ihrer kompakten Ma\u00dfe bietet sie Platz f\u00fcr bis zu sieben Personen und eignet sich perfekt f\u00fcr Tagesfahrten, Wassersport oder kurze \u00dcbernachtungstouren.<\/p>\n<p data-start=\"830\" data-end=\"1167\">Im Bug befindet sich eine funktionale Kabine mit zwei Liegefl\u00e4chen und optionalem WC \u2013 ein seltener Komfort in dieser Bootsklasse. Der Steuerstand ist ergonomisch gestaltet, mit klarer Sicht und solider Bedienbarkeit. Im Au\u00dfenbereich sorgen die gro\u00dfe Sonnenliegefl\u00e4che sowie die seitlichen Laufwege f\u00fcr Bewegungsfreiheit und Entspannung.<\/p>\n<p data-start=\"1169\" data-end=\"1523\">Mit einer maximalen Motorisierung von 140 PS, CE-Kategorie C und einem 105-Liter-Kraftstofftank ist die Shadow 19 f\u00fcr Fahrten entlang der K\u00fcste und auf Binnengew\u00e4ssern bestens ger\u00fcstet. Die Kombination aus Leistung, Sicherheit und stilvoller Ausstattung macht sie zu einer ausgezeichneten Wahl f\u00fcr Freizeitkapit\u00e4ne, die Qualit\u00e4t in kompakter Form suchen.<\/p>","protected":false},"excerpt":{"rendered":"<p>Ranieri Shadow 19 - \u044d\u0442\u043e \u043a\u043e\u043c\u043f\u0430\u043a\u0442\u043d\u0430\u044f \u0438 \u0441\u043f\u043e\u0440\u0442\u0438\u0432\u043d\u0430\u044f \u043a\u0430\u044e\u0442\u043d\u0430\u044f \u043b\u043e\u0434\u043a\u0430 \u0434\u043b\u044f \u043e\u0434\u043d\u043e\u0434\u043d\u0435\u0432\u043d\u044b\u0445 \u043f\u043e\u0435\u0437\u0434\u043e\u043a \u0438 \u043a\u0440\u0443\u0438\u0437\u043e\u0432 \u0432\u044b\u0445\u043e\u0434\u043d\u043e\u0433\u043e \u0434\u043d\u044f. \u0412\u043c\u0435\u0441\u0442\u0438\u043c\u043e\u0441\u0442\u044c\u044e \u0434\u043e 7 \u0447\u0435\u043b\u043e\u0432\u0435\u043a, \u0441\u043f\u0430\u043b\u044c\u043d\u043e\u0439 \u043a\u0430\u044e\u0442\u043e\u0439 \u0441 \u0434\u043e\u043f\u043e\u043b\u043d\u0438\u0442\u0435\u043b\u044c\u043d\u044b\u043c \u0442\u0443\u0430\u043b\u0435\u0442\u043e\u043c \u0438 \u0441\u043e\u0432\u0440\u0435\u043c\u0435\u043d\u043d\u044b\u043c \u0434\u0438\u0437\u0430\u0439\u043d\u043e\u043c \u043a\u043e\u0440\u043f\u0443\u0441\u0430, \u043e\u043d\u0430 \u043f\u0440\u0435\u0434\u043b\u0430\u0433\u0430\u0435\u0442 \u043a\u043e\u043c\u0444\u043e\u0440\u0442 \u0438 \u0443\u0434\u043e\u0432\u043e\u043b\u044c\u0441\u0442\u0432\u0438\u0435 \u043e\u0442 \u043f\u043b\u0430\u0432\u0430\u043d\u0438\u044f - \u0438\u0434\u0435\u0430\u043b\u044c\u043d\u044b\u0439 \u0432\u0430\u0440\u0438\u0430\u043d\u0442 \u0434\u043b\u044f \u043d\u043e\u0432\u0438\u0447\u043a\u043e\u0432 \u0438 \u043a\u0430\u043f\u0438\u0442\u0430\u043d\u043e\u0432 \u043d\u0430 \u043e\u0442\u0434\u044b\u0445\u0435.<\/p>","protected":false},"featured_media":1253,"template":"","meta":{"_acf_changed":false,"_et_pb_use_builder":"","_et_pb_old_content":"","_et_gb_content_width":""},"product_brand":[],"product_cat":[23],"product_tag":[],"class_list":{"0":"post-1249","1":"product","2":"type-product","3":"status-publish","4":"has-post-thumbnail","6":"product_cat-boote","8":"first","9":"instock","10":"shipping-taxable","11":"purchasable","12":"product-type-simple"},"acf":[],"_links":{"self":[{"href":"https:\/\/adam-watermotors.de\/ru\/wp-json\/wp\/v2\/product\/1249","targetHints":{"allow":["GET"]}}],"collection":[{"href":"https:\/\/adam-watermotors.de\/ru\/wp-json\/wp\/v2\/product"}],"about":[{"href":"https:\/\/adam-watermotors.de\/ru\/wp-json\/wp\/v2\/types\/product"}],"wp:featuredmedia":[{"embeddable":true,"href":"https:\/\/adam-watermotors.de\/ru\/wp-json\/wp\/v2\/media\/1253"}],"wp:attachment":[{"href":"https:\/\/adam-watermotors.de\/ru\/wp-json\/wp\/v2\/media?parent=1249"}],"wp:term":[{"taxonomy":"product_brand","embeddable":true,"href":"https:\/\/adam-watermotors.de\/ru\/wp-json\/wp\/v2\/product_brand?post=1249"},{"taxonomy":"product_cat","embeddable":true,"href":"https:\/\/adam-watermotors.de\/ru\/wp-json\/wp\/v2\/product_cat?post=1249"},{"taxonomy":"product_tag","embeddable":true,"href":"https:\/\/adam-watermotors.de\/ru\/wp-json\/wp\/v2\/product_tag?post=1249"}],"curies":[{"name":"wp","href":"https:\/\/api.w.org\/{rel}","templated":true}]}}