{"id":1660,"date":"2025-07-04T09:13:05","date_gmt":"2025-07-04T07:13:05","guid":{"rendered":"https:\/\/adam-watermotors.de\/?post_type=product&#038;p=1660"},"modified":"2025-07-04T11:59:09","modified_gmt":"2025-07-04T09:59:09","slug":"f2-5-bmhl","status":"publish","type":"product","link":"https:\/\/adam-watermotors.de\/ru\/f25bmhl\/","title":{"rendered":"F2.5BMHL"},"content":{"rendered":"<div class=\"styled__ContainerStyled-sc-1pg5x44-0 ixRWEV\">\n<div class=\"Row-sc-1t8ifd-0 styled__RowStyled-sc-2pzm2i-0 hIhdaX hpWEtG\">\n<div class=\"Col__CommonColStyled-sc-1vakr7x-0 Col-sc-1vakr7x-1 AibYF lnMkcd\">\n<div class=\"et_pb_module et_pb_text et_pb_text_4_tb_body et_pb_text_align_left et_pb_bg_layout_light\">\n<div class=\"et_pb_text_inner\">\n<h2 data-start=\"528\" data-end=\"552\"><strong data-start=\"528\" data-end=\"552\">Leicht &amp; Zuverl\u00e4ssig<\/strong><\/h2>\n<p data-start=\"554\" data-end=\"962\">Der Yamaha F2.5 BMHL ist die perfekte Wahl f\u00fcr alle, die Wert auf Mobilit\u00e4t, Qualit\u00e4t und einfache Handhabung legen. Dieser tragbare 4-Takt-Au\u00dfenbordmotor liefert 2,5 PS Leistung bei beeindruckend leisem Betrieb und geringem Kraftstoffverbrauch. Dank des geringen Gewichts und des integrierten Tragegriffs ist er besonders leicht zu transportieren und ideal f\u00fcr Dinghys, Schlauchboote oder kleine Angelboote.<\/p>\n<p data-start=\"964\" data-end=\"1323\">Mit einem benutzerfreundlichen Startsystem, einem effizienten K\u00fchlsystem mit Thermostat und einer praktischen 360\u00b0-Lenkung f\u00fcr optimale Man\u00f6vrierf\u00e4higkeit, \u00fcberzeugt der F2.5 BMHL auf ganzer Linie. Yamaha-typisch ist auch die hochwertige Verarbeitung und Langlebigkeit, auf die man sich verlassen kann \u2013 ob f\u00fcr spontane Ausfl\u00fcge oder den regelm\u00e4\u00dfigen Einsatz.<\/p>\n<\/div>\n<\/div>\n<\/div>\n<\/div>\n<\/div>","protected":false},"excerpt":{"rendered":"<p>Yamaha F2.5 BMHL - \u044d\u0442\u043e \u043a\u043e\u043c\u043f\u0430\u043a\u0442\u043d\u044b\u0439, \u0443\u0434\u043e\u0431\u043d\u044b\u0439 \u0432 \u0438\u0441\u043f\u043e\u043b\u044c\u0437\u043e\u0432\u0430\u043d\u0438\u0438 4-\u0442\u0430\u043a\u0442\u043d\u044b\u0439 \u043f\u043e\u0434\u0432\u0435\u0441\u043d\u043e\u0439 \u043c\u043e\u0442\u043e\u0440 \u043c\u043e\u0449\u043d\u043e\u0441\u0442\u044c\u044e 2,5 \u043b.\u0441. \u0418\u0434\u0435\u0430\u043b\u044c\u043d\u044b\u0439 \u0434\u043b\u044f \u043d\u0435\u0431\u043e\u043b\u044c\u0448\u0438\u0445 \u043b\u043e\u0434\u043e\u043a, \u043e\u043d \u043e\u0431\u0435\u0441\u043f\u0435\u0447\u0438\u0432\u0430\u0435\u0442 \u043d\u0430\u0434\u0435\u0436\u043d\u0443\u044e \u0440\u0430\u0431\u043e\u0442\u0443, \u043f\u0440\u043e\u0441\u0442\u043e\u0442\u0443 \u0443\u043f\u0440\u0430\u0432\u043b\u0435\u043d\u0438\u044f \u0438 \u043f\u0435\u0440\u0432\u043e\u043a\u043b\u0430\u0441\u0441\u043d\u0443\u044e \u044d\u0444\u0444\u0435\u043a\u0442\u0438\u0432\u043d\u043e\u0441\u0442\u044c - \u0438\u0434\u0435\u0430\u043b\u044c\u043d\u043e\u0435 \u0440\u0435\u0448\u0435\u043d\u0438\u0435 \u0434\u043b\u044f \u043a\u0430\u043f\u0438\u0442\u0430\u043d\u043e\u0432-\u043b\u044e\u0431\u0438\u0442\u0435\u043b\u0435\u0439 \u0438 \u0441\u043b\u0443\u0447\u0430\u0439\u043d\u044b\u0445 \u043f\u043e\u043b\u044c\u0437\u043e\u0432\u0430\u0442\u0435\u043b\u0435\u0439.<\/p>","protected":false},"featured_media":1561,"template":"","meta":{"_acf_changed":false,"_et_pb_use_builder":"","_et_pb_old_content":"","_et_gb_content_width":""},"product_brand":[],"product_cat":[25],"product_tag":[],"class_list":{"0":"post-1660","1":"product","2":"type-product","3":"status-publish","4":"has-post-thumbnail","6":"product_cat-aussenborder","8":"first","9":"instock","10":"virtual","11":"purchasable","12":"product-type-simple"},"acf":[],"_links":{"self":[{"href":"https:\/\/adam-watermotors.de\/ru\/wp-json\/wp\/v2\/product\/1660","targetHints":{"allow":["GET"]}}],"collection":[{"href":"https:\/\/adam-watermotors.de\/ru\/wp-json\/wp\/v2\/product"}],"about":[{"href":"https:\/\/adam-watermotors.de\/ru\/wp-json\/wp\/v2\/types\/product"}],"wp:featuredmedia":[{"embeddable":true,"href":"https:\/\/adam-watermotors.de\/ru\/wp-json\/wp\/v2\/media\/1561"}],"wp:attachment":[{"href":"https:\/\/adam-watermotors.de\/ru\/wp-json\/wp\/v2\/media?parent=1660"}],"wp:term":[{"taxonomy":"product_brand","embeddable":true,"href":"https:\/\/adam-watermotors.de\/ru\/wp-json\/wp\/v2\/product_brand?post=1660"},{"taxonomy":"product_cat","embeddable":true,"href":"https:\/\/adam-watermotors.de\/ru\/wp-json\/wp\/v2\/product_cat?post=1660"},{"taxonomy":"product_tag","embeddable":true,"href":"https:\/\/adam-watermotors.de\/ru\/wp-json\/wp\/v2\/product_tag?post=1660"}],"curies":[{"name":"wp","href":"https:\/\/api.w.org\/{rel}","templated":true}]}}