{"id":1681,"date":"2025-07-04T12:12:32","date_gmt":"2025-07-04T10:12:32","guid":{"rendered":"https:\/\/adam-watermotors.de\/?post_type=product&#038;p=1681"},"modified":"2025-07-04T18:02:07","modified_gmt":"2025-07-04T16:02:07","slug":"f4bmhl","status":"publish","type":"product","link":"https:\/\/adam-watermotors.de\/ru\/aussenborder\/f4bmhl\/","title":{"rendered":"F4BMHL"},"content":{"rendered":"<div class=\"styled__ContainerStyled-sc-1pg5x44-0 ixRWEV\">\n<div class=\"Row-sc-1t8ifd-0 styled__RowStyled-sc-2pzm2i-0 hIhdaX hpWEtG\">\n<div class=\"Col__CommonColStyled-sc-1vakr7x-0 Col-sc-1vakr7x-1 AibYF lnMkcd\">\n<div class=\"et_pb_module et_pb_text et_pb_text_4_tb_body et_pb_text_align_left et_pb_bg_layout_light\">\n<div class=\"et_pb_text_inner\">\n<h2 data-start=\"513\" data-end=\"531\"><strong data-start=\"513\" data-end=\"531\">Robust &amp; Mobil<\/strong><\/h2>\n<p data-start=\"533\" data-end=\"847\">Der Yamaha F4 BMHL ist die perfekte Wahl f\u00fcr alle, die einen kraftvollen und dennoch tragbaren Au\u00dfenbordmotor mit Langschaft suchen. Mit einem Gewicht von nur 28\u202fkg und einem integrierten Tragegriff l\u00e4sst er sich leicht transportieren und flexibel einsetzen \u2013 sei es f\u00fcr Schlauchboote, Dinghys oder als Hilfsmotor.<\/p>\n<p data-start=\"849\" data-end=\"1142\">Der 4-Takt-Einzylindermotor mit 139\u202fcm\u00b3 Hubraum bietet 4 PS Leistung und wird \u00fcber Yamahas bew\u00e4hrte CDI-Z\u00fcndung manuell gestartet \u2013 zuverl\u00e4ssig und unkompliziert. Ein integrierter 1,1-Liter-Kraftstofftank sorgt f\u00fcr gute Reichweite, zus\u00e4tzlich ist ein Anschluss f\u00fcr einen externen Tank m\u00f6glich.<\/p>\n<p data-start=\"1144\" data-end=\"1444\">Dank der 180\u00b0-Lenkung, F-N-R-Schaltung (Vorw\u00e4rts-Neutral-R\u00fcckw\u00e4rts) und Flachwasserstellung \u00fcberzeugt der F4 BMHL in engen H\u00e4fen ebenso wie auf dem offenen Wasser. Robuste Yamaha-Technik, einfache Bedienung und kompakte Bauweise machen ihn zur optimalen L\u00f6sung f\u00fcr Freizeitkapit\u00e4ne und Yachtbesitzer.<\/p>\n<\/div>\n<\/div>\n<\/div>\n<\/div>\n<\/div>","protected":false},"excerpt":{"rendered":"<p>Yamaha F4 BMHL - \u044d\u0442\u043e \u043f\u043e\u0440\u0442\u0430\u0442\u0438\u0432\u043d\u044b\u0439 4-\u0442\u0430\u043a\u0442\u043d\u044b\u0439 \u043f\u043e\u0434\u0432\u0435\u0441\u043d\u043e\u0439 \u043c\u043e\u0442\u043e\u0440 \u043c\u043e\u0449\u043d\u043e\u0441\u0442\u044c\u044e 4 \u043b.\u0441. \u0441 \u043f\u0440\u043e\u0447\u043d\u043e\u0439 \u043a\u043e\u043d\u0441\u0442\u0440\u0443\u043a\u0446\u0438\u0435\u0439 \u0441 \u0434\u043b\u0438\u043d\u043d\u044b\u043c \u0432\u0430\u043b\u043e\u043c. \u0412\u0435\u0441\u043e\u043c \u0432\u0441\u0435\u0433\u043e 28 \u043a\u0433, \u0441\u043e \u0432\u0441\u0442\u0440\u043e\u0435\u043d\u043d\u044b\u043c \u0431\u0430\u043a\u043e\u043c \u0438 \u043d\u0430\u0434\u0435\u0436\u043d\u044b\u043c \u0440\u0443\u0447\u043d\u044b\u043c \u0437\u0430\u043f\u0443\u0441\u043a\u043e\u043c, \u043e\u043d \u0438\u0434\u0435\u0430\u043b\u044c\u043d\u043e \u043f\u043e\u0434\u0445\u043e\u0434\u0438\u0442 \u0434\u043b\u044f \u043d\u0435\u0431\u043e\u043b\u044c\u0448\u0438\u0445 \u043b\u043e\u0434\u043e\u043a \u0438 \u0433\u0438\u0431\u043a\u043e\u0433\u043e \u0438\u0441\u043f\u043e\u043b\u044c\u0437\u043e\u0432\u0430\u043d\u0438\u044f.<\/p>","protected":false},"featured_media":1676,"template":"","meta":{"_acf_changed":false,"_et_pb_use_builder":"","_et_pb_old_content":"","_et_gb_content_width":""},"product_brand":[],"product_cat":[25],"product_tag":[],"class_list":{"0":"post-1681","1":"product","2":"type-product","3":"status-publish","4":"has-post-thumbnail","6":"product_cat-aussenborder","8":"first","9":"instock","10":"virtual","11":"purchasable","12":"product-type-simple"},"acf":[],"_links":{"self":[{"href":"https:\/\/adam-watermotors.de\/ru\/wp-json\/wp\/v2\/product\/1681","targetHints":{"allow":["GET"]}}],"collection":[{"href":"https:\/\/adam-watermotors.de\/ru\/wp-json\/wp\/v2\/product"}],"about":[{"href":"https:\/\/adam-watermotors.de\/ru\/wp-json\/wp\/v2\/types\/product"}],"wp:featuredmedia":[{"embeddable":true,"href":"https:\/\/adam-watermotors.de\/ru\/wp-json\/wp\/v2\/media\/1676"}],"wp:attachment":[{"href":"https:\/\/adam-watermotors.de\/ru\/wp-json\/wp\/v2\/media?parent=1681"}],"wp:term":[{"taxonomy":"product_brand","embeddable":true,"href":"https:\/\/adam-watermotors.de\/ru\/wp-json\/wp\/v2\/product_brand?post=1681"},{"taxonomy":"product_cat","embeddable":true,"href":"https:\/\/adam-watermotors.de\/ru\/wp-json\/wp\/v2\/product_cat?post=1681"},{"taxonomy":"product_tag","embeddable":true,"href":"https:\/\/adam-watermotors.de\/ru\/wp-json\/wp\/v2\/product_tag?post=1681"}],"curies":[{"name":"wp","href":"https:\/\/api.w.org\/{rel}","templated":true}]}}