{"id":1696,"date":"2025-07-04T13:10:35","date_gmt":"2025-07-04T11:10:35","guid":{"rendered":"https:\/\/adam-watermotors.de\/?post_type=product&#038;p=1696"},"modified":"2025-07-10T17:34:15","modified_gmt":"2025-07-10T15:34:15","slug":"f6cmhs","status":"publish","type":"product","link":"https:\/\/adam-watermotors.de\/ru\/aussenborder\/f6cmhs\/","title":{"rendered":"F6CMHS"},"content":{"rendered":"<div class=\"styled__ContainerStyled-sc-1pg5x44-0 ixRWEV\">\n<div class=\"Row-sc-1t8ifd-0 styled__RowStyled-sc-2pzm2i-0 hIhdaX hpWEtG\">\n<div class=\"Col__CommonColStyled-sc-1vakr7x-0 Col-sc-1vakr7x-1 AibYF lnMkcd\">\n<div class=\"et_pb_module et_pb_text et_pb_text_4_tb_body et_pb_text_align_left et_pb_bg_layout_light\">\n<div class=\"et_pb_text_inner\">\n<h3 data-start=\"83\" data-end=\"115\"><strong data-start=\"87\" data-end=\"115\">Kompakt &amp; Leistungsstark<\/strong><\/h3>\n<p data-start=\"117\" data-end=\"311\"><span class=\"relative -mx-px my-[-0.2rem] rounded px-px py-[0.2rem] transition-colors duration-100 ease-in-out\">Der Yamaha F6CMHS ist ein kompakter und dennoch kraftvoller Au\u00dfenbordmotor, der sich ideal f\u00fcr Schlauchboote, Dinghys und als Hilfsmotor eignet.<\/span> <span class=\"relative -mx-px my-[-0.2rem] rounded px-px py-[0.2rem] transition-colors duration-100 ease-in-out\">Mit einem Gewicht von nur 27\u202fkg und einem integrierten Tragegriff l\u00e4sst er sich m\u00fchelos transportieren.<\/span> <span class=\"relative -mx-px my-[-0.2rem] rounded px-px py-[0.2rem] transition-colors duration-100 ease-in-out\">Der 4-Takt-Einzylindermotor mit 139\u202fcm\u00b3 Hubraum liefert 6\u202fPS Leistung und \u00fcberzeugt durch niedrigen Kraftstoffverbrauch sowie geringe Ger\u00e4usch- und Vibrationsentwicklung.<\/span><\/p>\n<p data-start=\"117\" data-end=\"311\"><span class=\"relative -mx-px my-[-0.2rem] rounded px-px py-[0.2rem] transition-colors duration-100 ease-in-out\">Dank der zuverl\u00e4ssigen CDI-Z\u00fcndung ist ein einfacher manueller Start gew\u00e4hrleistet.<\/span> <span class=\"relative -mx-px my-[-0.2rem] rounded px-px py-[0.2rem] transition-colors duration-100 ease-in-out\">Der eingebaute 1,1-Liter-Kraftstofftank erm\u00f6glicht flexible Eins\u00e4tze, zus\u00e4tzlich kann ein externer Tank angeschlossen werden.<\/span> <span class=\"relative -mx-px my-[-0.2rem] rounded px-px py-[0.2rem] transition-colors duration-100 ease-in-out\">Mit der 180\u00b0-Lenkung, dem F-N-R-Schaltsystem (Vorw\u00e4rts-Neutral-R\u00fcckw\u00e4rts) und der Flachwasserstellung eignet sich der F6CMHS sowohl f\u00fcr enge H\u00e4fen als auch f\u00fcr offene Gew\u00e4sser.<\/span> <span class=\"relative -mx-px my-[-0.2rem] rounded px-px py-[0.2rem] transition-colors duration-100 ease-in-out\">Seine kompakte Bauweise und die bew\u00e4hrte Yamaha-Technik machen ihn zur perfekten Wahl f\u00fcr Freizeitkapit\u00e4ne und Yachtbesitzer.<\/span><\/p>\n<\/div>\n<\/div>\n<\/div>\n<\/div>\n<\/div>\n","protected":false},"excerpt":{"rendered":"<p>Yamaha F6 CMHS - \u043f\u043e\u0440\u0442\u0430\u0442\u0438\u0432\u043d\u044b\u0439 4-\u0442\u0430\u043a\u0442\u043d\u044b\u0439 \u043f\u043e\u0434\u0432\u0435\u0441\u043d\u043e\u0439 \u043c\u043e\u0442\u043e\u0440 \u043c\u043e\u0449\u043d\u043e\u0441\u0442\u044c\u044e 6 \u043b.\u0441. \u0441 \u043a\u043e\u0440\u043e\u0442\u043a\u0438\u043c \u0432\u0430\u043b\u043e\u043c. \u0412\u0435\u0441\u043e\u043c \u0432\u0441\u0435\u0433\u043e 27 \u043a\u0433, \u0441\u043e \u0432\u0441\u0442\u0440\u043e\u0435\u043d\u043d\u044b\u043c 1,1-\u043b\u0438\u0442\u0440\u043e\u0432\u044b\u043c \u0431\u0430\u043a\u043e\u043c \u0438 \u0440\u0443\u0447\u043d\u044b\u043c \u0443\u043f\u0440\u0430\u0432\u043b\u0435\u043d\u0438\u0435\u043c, \u043e\u043d \u043e\u0431\u0435\u0441\u043f\u0435\u0447\u0438\u0432\u0430\u0435\u0442 \u043d\u0430\u0434\u0435\u0436\u043d\u0443\u044e \u0440\u0430\u0431\u043e\u0442\u0443, \u043f\u0440\u043e\u0441\u0442\u043e\u0442\u0443 \u0432 \u043e\u0431\u0440\u0430\u0449\u0435\u043d\u0438\u0438 \u0438 \u0432\u044b\u0441\u043e\u043a\u0443\u044e \u043c\u043e\u0431\u0438\u043b\u044c\u043d\u043e\u0441\u0442\u044c - \u0438\u0434\u0435\u0430\u043b\u044c\u043d\u043e\u0435 \u0440\u0435\u0448\u0435\u043d\u0438\u0435 \u0434\u043b\u044f \u043d\u0435\u0431\u043e\u043b\u044c\u0448\u0438\u0445 \u043b\u043e\u0434\u043e\u043a \u0438 \u0432 \u043a\u0430\u0447\u0435\u0441\u0442\u0432\u0435 \u0432\u0441\u043f\u043e\u043c\u043e\u0433\u0430\u0442\u0435\u043b\u044c\u043d\u043e\u0433\u043e \u0434\u0432\u0438\u0433\u0430\u0442\u0435\u043b\u044f \u0434\u043b\u044f \u044f\u0445\u0442.<\/p>","protected":false},"featured_media":1676,"template":"","meta":{"_acf_changed":false,"_et_pb_use_builder":"","_et_pb_old_content":"","_et_gb_content_width":""},"product_brand":[],"product_cat":[25],"product_tag":[],"class_list":{"0":"post-1696","1":"product","2":"type-product","3":"status-publish","4":"has-post-thumbnail","6":"product_cat-aussenborder","8":"first","9":"instock","10":"virtual","11":"purchasable","12":"product-type-simple"},"acf":[],"_links":{"self":[{"href":"https:\/\/adam-watermotors.de\/ru\/wp-json\/wp\/v2\/product\/1696","targetHints":{"allow":["GET"]}}],"collection":[{"href":"https:\/\/adam-watermotors.de\/ru\/wp-json\/wp\/v2\/product"}],"about":[{"href":"https:\/\/adam-watermotors.de\/ru\/wp-json\/wp\/v2\/types\/product"}],"wp:featuredmedia":[{"embeddable":true,"href":"https:\/\/adam-watermotors.de\/ru\/wp-json\/wp\/v2\/media\/1676"}],"wp:attachment":[{"href":"https:\/\/adam-watermotors.de\/ru\/wp-json\/wp\/v2\/media?parent=1696"}],"wp:term":[{"taxonomy":"product_brand","embeddable":true,"href":"https:\/\/adam-watermotors.de\/ru\/wp-json\/wp\/v2\/product_brand?post=1696"},{"taxonomy":"product_cat","embeddable":true,"href":"https:\/\/adam-watermotors.de\/ru\/wp-json\/wp\/v2\/product_cat?post=1696"},{"taxonomy":"product_tag","embeddable":true,"href":"https:\/\/adam-watermotors.de\/ru\/wp-json\/wp\/v2\/product_tag?post=1696"}],"curies":[{"name":"wp","href":"https:\/\/api.w.org\/{rel}","templated":true}]}}