{"id":1733,"date":"2025-07-05T06:24:07","date_gmt":"2025-07-05T04:24:07","guid":{"rendered":"https:\/\/adam-watermotors.de\/?post_type=product&#038;p=1733"},"modified":"2025-07-10T17:50:16","modified_gmt":"2025-07-10T15:50:16","slug":"f15cmhs","status":"publish","type":"product","link":"https:\/\/adam-watermotors.de\/ru\/aussenborder\/f15cmhs\/","title":{"rendered":"F15CMHS"},"content":{"rendered":"<div class=\"styled__ContainerStyled-sc-1pg5x44-0 ixRWEV\">\n<div class=\"Row-sc-1t8ifd-0 styled__RowStyled-sc-2pzm2i-0 hIhdaX hpWEtG\">\n<div class=\"Col__CommonColStyled-sc-1vakr7x-0 Col-sc-1vakr7x-1 AibYF lnMkcd\">\n<div class=\"et_pb_module et_pb_text et_pb_text_4_tb_body et_pb_text_align_left et_pb_bg_layout_light\">\n<div class=\"et_pb_text_inner\">\n<div class=\"styled__ContainerStyled-sc-1pg5x44-0 ixRWEV\">\n<div class=\"Row-sc-1t8ifd-0 styled__RowStyled-sc-2pzm2i-0 hIhdaX hpWEtG\">\n<div class=\"Col__CommonColStyled-sc-1vakr7x-0 Col-sc-1vakr7x-1 AibYF lnMkcd\">\n<div class=\"et_pb_module et_pb_text et_pb_text_4_tb_body et_pb_text_align_left et_pb_bg_layout_light\">\n<div class=\"et_pb_text_inner\">\n<div class=\"styled__ContainerStyled-sc-1pg5x44-0 ixRWEV\">\n<div class=\"Row-sc-1t8ifd-0 styled__RowStyled-sc-2pzm2i-0 hIhdaX hpWEtG\">\n<div class=\"Col__CommonColStyled-sc-1vakr7x-0 Col-sc-1vakr7x-1 AibYF lnMkcd\">\n<div class=\"et_pb_module et_pb_text et_pb_text_4_tb_body et_pb_text_align_left et_pb_bg_layout_light\">\n<div class=\"et_pb_text_inner\">\n<h2 data-start=\"247\" data-end=\"279\"><strong data-start=\"251\" data-end=\"277\">Vielseitig &amp; Kraftvoll<\/strong><\/h2>\n<p data-start=\"280\" data-end=\"713\">Der Yamaha F15CMHS ist ein robuster Au\u00dfenbordmotor mit 15\u202fPS Leistung, der sich ideal f\u00fcr Dinghys, kleine Boote und als Hilfsantrieb eignet. Der laufruhige 4-Takt-Zweizylindermotor mit 362\u202fcm\u00b3 Hubraum \u00fcberzeugt durch niedrigen Kraftstoffverbrauch, starke Beschleunigung und geringe Emissionen. Mit einem Gewicht von rund 51\u202fkg und einem integrierten Tragegriff l\u00e4sst sich der Motor problemlos transportieren und vielseitig einsetzen.<\/p>\n<p data-start=\"715\" data-end=\"1138\">Die CDI-Z\u00fcndung sorgt f\u00fcr einen zuverl\u00e4ssigen Handstart. Ein externer 25-Liter-Kraftstofftank erm\u00f6glicht lange Reichweite bei ausgedehnten Fahrten. Die F-N-R-Schaltung (Vorw\u00e4rts-Neutral-R\u00fcckw\u00e4rts), 180\u00b0-Lenkung und die Flachwasserstellung erleichtern das pr\u00e4zise Man\u00f6vrieren in engen H\u00e4fen und bei wenig Tiefgang. Die bew\u00e4hrte Yamaha-Technik und das kompakte Design machen den F15CMHS zur idealen Wahl f\u00fcr Freizeitkapit\u00e4ne.<\/p>\n<\/div>\n<\/div>\n<\/div>\n<\/div>\n<\/div>\n<\/div>\n<\/div>\n<\/div>\n<\/div>\n<\/div>\n<\/div>\n<\/div>\n<\/div>\n<\/div>\n<\/div>","protected":false},"excerpt":{"rendered":"<p data-start=\"262\" data-end=\"531\">Yamaha F15 CMHS - \u044d\u0442\u043e 4-\u0442\u0430\u043a\u0442\u043d\u044b\u0439 \u043f\u043e\u0434\u0432\u0435\u0441\u043d\u043e\u0439 \u043c\u043e\u0442\u043e\u0440 \u043c\u043e\u0449\u043d\u043e\u0441\u0442\u044c\u044e 15 \u043b.\u0441., \u0441 \u043a\u043e\u0440\u043e\u0442\u043a\u0438\u043c \u0432\u0430\u043b\u043e\u043c \u0438 \u0440\u0443\u043c\u043f\u0435\u043b\u044c\u043d\u044b\u043c \u0443\u043f\u0440\u0430\u0432\u043b\u0435\u043d\u0438\u0435\u043c. \u0412\u0435\u0441\u043e\u043c \u0432\u0441\u0435\u0433\u043e 51 \u043a\u0433 \u0438 \u0432\u043d\u0435\u0448\u043d\u0438\u043c 25-\u043b\u0438\u0442\u0440\u043e\u0432\u044b\u043c \u0431\u0430\u043a\u043e\u043c \u043e\u043d \u0438\u0434\u0435\u0430\u043b\u044c\u043d\u043e \u043f\u043e\u0434\u0445\u043e\u0434\u0438\u0442 \u0434\u043b\u044f \u043f\u0440\u043e\u0433\u0443\u043b\u043e\u0447\u043d\u044b\u0445 \u043b\u043e\u0434\u043e\u043a \u0438 \u0432 \u043a\u0430\u0447\u0435\u0441\u0442\u0432\u0435 \u043d\u0430\u0434\u0435\u0436\u043d\u043e\u0433\u043e \u0432\u0441\u043f\u043e\u043c\u043e\u0433\u0430\u0442\u0435\u043b\u044c\u043d\u043e\u0433\u043e \u0434\u0432\u0438\u0433\u0430\u0442\u0435\u043b\u044f.<\/p>","protected":false},"featured_media":1734,"template":"","meta":{"_acf_changed":false,"_et_pb_use_builder":"","_et_pb_old_content":"","_et_gb_content_width":""},"product_brand":[],"product_cat":[25],"product_tag":[],"class_list":{"0":"post-1733","1":"product","2":"type-product","3":"status-publish","4":"has-post-thumbnail","6":"product_cat-aussenborder","8":"first","9":"instock","10":"virtual","11":"purchasable","12":"product-type-simple"},"acf":[],"_links":{"self":[{"href":"https:\/\/adam-watermotors.de\/ru\/wp-json\/wp\/v2\/product\/1733","targetHints":{"allow":["GET"]}}],"collection":[{"href":"https:\/\/adam-watermotors.de\/ru\/wp-json\/wp\/v2\/product"}],"about":[{"href":"https:\/\/adam-watermotors.de\/ru\/wp-json\/wp\/v2\/types\/product"}],"wp:featuredmedia":[{"embeddable":true,"href":"https:\/\/adam-watermotors.de\/ru\/wp-json\/wp\/v2\/media\/1734"}],"wp:attachment":[{"href":"https:\/\/adam-watermotors.de\/ru\/wp-json\/wp\/v2\/media?parent=1733"}],"wp:term":[{"taxonomy":"product_brand","embeddable":true,"href":"https:\/\/adam-watermotors.de\/ru\/wp-json\/wp\/v2\/product_brand?post=1733"},{"taxonomy":"product_cat","embeddable":true,"href":"https:\/\/adam-watermotors.de\/ru\/wp-json\/wp\/v2\/product_cat?post=1733"},{"taxonomy":"product_tag","embeddable":true,"href":"https:\/\/adam-watermotors.de\/ru\/wp-json\/wp\/v2\/product_tag?post=1733"}],"curies":[{"name":"wp","href":"https:\/\/api.w.org\/{rel}","templated":true}]}}