{"id":1739,"date":"2025-07-05T07:07:20","date_gmt":"2025-07-05T05:07:20","guid":{"rendered":"https:\/\/adam-watermotors.de\/?post_type=product&#038;p=1739"},"modified":"2025-07-10T17:50:29","modified_gmt":"2025-07-10T15:50:29","slug":"f15cmhl","status":"publish","type":"product","link":"https:\/\/adam-watermotors.de\/ru\/aussenborder\/f15cmhl\/","title":{"rendered":"F15CMHL"},"content":{"rendered":"<div class=\"styled__ContainerStyled-sc-1pg5x44-0 ixRWEV\">\n<div class=\"Row-sc-1t8ifd-0 styled__RowStyled-sc-2pzm2i-0 hIhdaX hpWEtG\">\n<div class=\"Col__CommonColStyled-sc-1vakr7x-0 Col-sc-1vakr7x-1 AibYF lnMkcd\">\n<div class=\"et_pb_module et_pb_text et_pb_text_4_tb_body et_pb_text_align_left et_pb_bg_layout_light\">\n<div class=\"et_pb_text_inner\">\n<div class=\"styled__ContainerStyled-sc-1pg5x44-0 ixRWEV\">\n<div class=\"Row-sc-1t8ifd-0 styled__RowStyled-sc-2pzm2i-0 hIhdaX hpWEtG\">\n<div class=\"Col__CommonColStyled-sc-1vakr7x-0 Col-sc-1vakr7x-1 AibYF lnMkcd\">\n<div class=\"et_pb_module et_pb_text et_pb_text_4_tb_body et_pb_text_align_left et_pb_bg_layout_light\">\n<div class=\"et_pb_text_inner\">\n<div class=\"styled__ContainerStyled-sc-1pg5x44-0 ixRWEV\">\n<div class=\"Row-sc-1t8ifd-0 styled__RowStyled-sc-2pzm2i-0 hIhdaX hpWEtG\">\n<div class=\"Col__CommonColStyled-sc-1vakr7x-0 Col-sc-1vakr7x-1 AibYF lnMkcd\">\n<div class=\"et_pb_module et_pb_text et_pb_text_4_tb_body et_pb_text_align_left et_pb_bg_layout_light\">\n<div class=\"et_pb_text_inner\">\n<h2 data-start=\"1145\" data-end=\"1176\"><strong data-start=\"1149\" data-end=\"1174\">Lang &amp; Durchzugsstark<\/strong><\/h2>\n<p data-start=\"1177\" data-end=\"1534\">Der Yamaha F15CMHL bietet die bew\u00e4hrte Technik des F15CMHS \u2013 jedoch mit Langschaftausf\u00fchrung f\u00fcr gr\u00f6\u00dfere R\u00fcmpfe oder mehr Tiefgang. Auch hier arbeitet ein effizienter 362\u202fcm\u00b3 Zweizylindermotor, der bei 15\u202fPS kraftvoll durchzieht und dabei leise und sparsam bleibt. Trotz Langschaft ist der Motor mit ca. 53\u202fkg noch gut transportabel und flexibel einsetzbar.<\/p>\n<p data-start=\"1536\" data-end=\"1910\">Die CDI-Z\u00fcndung erm\u00f6glicht einen zuverl\u00e4ssigen Handstart, w\u00e4hrend der externe 25-Liter-Tank lange Ausfahrten garantiert. Mit der F-N-R-Schaltung, der 180\u00b0-Steuerung und der Flachwasserposition meistert der F15CMHL sowohl Man\u00f6ver im Hafen als auch Strecken auf offenem Wasser. Er ist eine ideale L\u00f6sung f\u00fcr Bootseigner, die auf bew\u00e4hrte Yamaha-Qualit\u00e4t mit Langschaft setzen.<\/p>\n<\/div>\n<\/div>\n<\/div>\n<\/div>\n<\/div>\n<\/div>\n<\/div>\n<\/div>\n<\/div>\n<\/div>\n<\/div>\n<\/div>\n<\/div>\n<\/div>\n<\/div>","protected":false},"excerpt":{"rendered":"<p data-start=\"262\" data-end=\"531\">Yamaha F15 CMHL - \u044d\u0442\u043e 4-\u0442\u0430\u043a\u0442\u043d\u044b\u0439 \u043f\u043e\u0434\u0432\u0435\u0441\u043d\u043e\u0439 \u043c\u043e\u0442\u043e\u0440 \u043c\u043e\u0449\u043d\u043e\u0441\u0442\u044c\u044e 15 \u043b.\u0441., \u0441 \u0434\u043b\u0438\u043d\u043d\u044b\u043c \u0432\u0430\u043b\u043e\u043c \u0438 \u0440\u0443\u043c\u043f\u0435\u043b\u044c\u043d\u044b\u043c \u0443\u043f\u0440\u0430\u0432\u043b\u0435\u043d\u0438\u0435\u043c. \u0412\u0435\u0441\u043e\u043c \u0432\u0441\u0435\u0433\u043e 53,7 \u043a\u0433 \u0438 \u0441 \u0432\u043d\u0435\u0448\u043d\u0438\u043c 25-\u043b\u0438\u0442\u0440\u043e\u0432\u044b\u043c \u0431\u0430\u043a\u043e\u043c \u043e\u043d \u0438\u0434\u0435\u0430\u043b\u044c\u043d\u043e \u043f\u043e\u0434\u0445\u043e\u0434\u0438\u0442 \u0434\u043b\u044f \u043f\u0440\u043e\u0433\u0443\u043b\u043e\u0447\u043d\u044b\u0445 \u043b\u043e\u0434\u043e\u043a \u0438 \u0432 \u043a\u0430\u0447\u0435\u0441\u0442\u0432\u0435 \u043d\u0430\u0434\u0435\u0436\u043d\u043e\u0433\u043e \u0432\u0441\u043f\u043e\u043c\u043e\u0433\u0430\u0442\u0435\u043b\u044c\u043d\u043e\u0433\u043e \u0434\u0432\u0438\u0433\u0430\u0442\u0435\u043b\u044f.<\/p>","protected":false},"featured_media":1734,"template":"","meta":{"_acf_changed":false,"_et_pb_use_builder":"","_et_pb_old_content":"","_et_gb_content_width":""},"product_brand":[],"product_cat":[25],"product_tag":[],"class_list":{"0":"post-1739","1":"product","2":"type-product","3":"status-publish","4":"has-post-thumbnail","6":"product_cat-aussenborder","8":"first","9":"instock","10":"virtual","11":"purchasable","12":"product-type-simple"},"acf":[],"_links":{"self":[{"href":"https:\/\/adam-watermotors.de\/ru\/wp-json\/wp\/v2\/product\/1739","targetHints":{"allow":["GET"]}}],"collection":[{"href":"https:\/\/adam-watermotors.de\/ru\/wp-json\/wp\/v2\/product"}],"about":[{"href":"https:\/\/adam-watermotors.de\/ru\/wp-json\/wp\/v2\/types\/product"}],"wp:featuredmedia":[{"embeddable":true,"href":"https:\/\/adam-watermotors.de\/ru\/wp-json\/wp\/v2\/media\/1734"}],"wp:attachment":[{"href":"https:\/\/adam-watermotors.de\/ru\/wp-json\/wp\/v2\/media?parent=1739"}],"wp:term":[{"taxonomy":"product_brand","embeddable":true,"href":"https:\/\/adam-watermotors.de\/ru\/wp-json\/wp\/v2\/product_brand?post=1739"},{"taxonomy":"product_cat","embeddable":true,"href":"https:\/\/adam-watermotors.de\/ru\/wp-json\/wp\/v2\/product_cat?post=1739"},{"taxonomy":"product_tag","embeddable":true,"href":"https:\/\/adam-watermotors.de\/ru\/wp-json\/wp\/v2\/product_tag?post=1739"}],"curies":[{"name":"wp","href":"https:\/\/api.w.org\/{rel}","templated":true}]}}