{"id":220,"date":"2025-06-29T22:36:52","date_gmt":"2025-06-29T20:36:52","guid":{"rendered":"https:\/\/adam-watermotors.de\/?post_type=product&#038;p=220"},"modified":"2025-07-02T19:57:10","modified_gmt":"2025-07-02T17:57:10","slug":"fx-ho","status":"publish","type":"product","link":"https:\/\/adam-watermotors.de\/ru\/waverunner\/fx-ho\/","title":{"rendered":"FX HO"},"content":{"rendered":"<div class=\"styled__ContainerStyled-sc-1pg5x44-0 ixRWEV\">\n<div class=\"Row-sc-1t8ifd-0 styled__RowStyled-sc-2pzm2i-0 hIhdaX hpWEtG\">\n<div class=\"Col__CommonColStyled-sc-1vakr7x-0 Col-sc-1vakr7x-1 AibYF lnMkcd\">\n<div class=\"et_pb_module et_pb_text et_pb_text_4_tb_body et_pb_text_align_left et_pb_bg_layout_light\">\n<div class=\"et_pb_text_inner\">\n<h2><strong>Rundum beeindruckend.<\/strong><\/h2>\n<\/div>\n<\/div>\n<div class=\"et_pb_module et_pb_text et_pb_text_5_tb_body et_pb_text_align_left et_pb_bg_layout_light\">\n<div class=\"et_pb_text_inner\">\n<p>Der neue kraftvolle Motor mit 1.898 cm\u00b3 Hubraum, Hochdruck-Kraftstoffpumpe und intelligentem elektronischen Drosselklappensteuerungssystem entwickelt seine Leistung sanft, kraftvoll und effizient. Die elegante Rumpfform aus unserem einzigartigen, leichteren NanoXcel2\u00ae-Deck und das bemerkenswerte RiDE\u00ae-System versprechen das komfortabelste und stabilste Handling, das Du jemals erlebt hast.Der FX HO ist ein echter Allrounder. Ausstattungsmerkmale wie das brandneue Connext\u00ae 7 Zoll-Touchscreen mit erweiterten Sicherheits- und Fahr-Modi, No-Wake-Modus und Tempomat, luxuri\u00f6se Sitzpl\u00e4tze f\u00fcr drei Personen, eine gro\u00dfe und stabile Badeplattform, eine extra tiefe Einstiegsstufe, zwei Griffb\u00fcgel und viel Stauraum garantieren ein erstklassiges Erlebnis \u2013 allein, mit deinem Partner, deiner Familie oder deinen Freunden.<\/p>\n<\/div>\n<\/div>\n<\/div>\n<\/div>\n<\/div>","protected":false},"excerpt":{"rendered":"<p>FX HO - \u043e\u0442\u043b\u0438\u0447\u043d\u044b\u0439 \u0432\u044b\u0431\u043e\u0440 \u0434\u043b\u044f \u0441\u043f\u043e\u043a\u043e\u0439\u043d\u044b\u0445 \u0442\u0443\u0440\u043e\u0432 \u0438\u043b\u0438 \u043b\u044e\u0431\u0438\u0442\u0435\u043b\u0435\u0439 \u0441\u043f\u043e\u0440\u0442\u0438\u0432\u043d\u044b\u0445 \u043f\u0440\u0438\u043a\u043b\u044e\u0447\u0435\u043d\u0438\u0439. \u0412\u044b \u0438\u0449\u0435\u0442\u0435 \u0432\u043e\u0434\u043d\u043e\u0435 \u0441\u0443\u0434\u043d\u043e, \u043a\u043e\u0442\u043e\u0440\u043e\u0435 \u043f\u0440\u0435\u0434\u043b\u0430\u0433\u0430\u0435\u0442 \u0438\u0434\u0435\u0430\u043b\u044c\u043d\u044b\u0439 \u0431\u0430\u043b\u0430\u043d\u0441 \u043c\u0435\u0436\u0434\u0443 \u043f\u0440\u043e\u0438\u0437\u0432\u043e\u0434\u0438\u0442\u0435\u043b\u044c\u043d\u043e\u0441\u0442\u044c\u044e \u0438 \u043a\u043e\u043c\u0444\u043e\u0440\u0442\u043e\u043c \u0438 \u043e\u0441\u043d\u0430\u0449\u0435\u043d\u043e \u043c\u043d\u043e\u0436\u0435\u0441\u0442\u0432\u043e\u043c \u0444\u0443\u043d\u043a\u0446\u0438\u0439, \u043a\u043e\u0442\u043e\u0440\u044b\u0435 \u0434\u0435\u043b\u0430\u044e\u0442 \u0435\u0433\u043e \u0435\u0449\u0435 \u0431\u043e\u043b\u0435\u0435 \u0438\u043d\u0442\u0435\u0440\u0435\u0441\u043d\u044b\u043c? \u0415\u0441\u043b\u0438 \u0434\u0430, \u0442\u043e \u0432\u0430\u043c \u043f\u043e\u043d\u0440\u0430\u0432\u0438\u0442\u0441\u044f WaveRunner\u00ae. \u0412\u044b \u0432\u043b\u044e\u0431\u0438\u0442\u0435\u0441\u044c \u0432 \u044d\u0442\u0443 \u0443\u0442\u043e\u043d\u0447\u0435\u043d\u043d\u0443\u044e \u043c\u0430\u0448\u0438\u043d\u0443, \u0432\u044b\u043f\u043e\u043b\u043d\u0435\u043d\u043d\u0443\u044e \u0432 \u0447\u0438\u0441\u0442\u043e \u0431\u0435\u043b\u043e\u043c \u0446\u0432\u0435\u0442\u0435 \u0441 \u0431\u043b\u0435\u0434\u043d\u043e-\u0433\u043e\u043b\u0443\u0431\u044b\u043c\u0438 \u0434\u0435\u0442\u0430\u043b\u044f\u043c\u0438.<\/p>","protected":false},"featured_media":312,"template":"","meta":{"_acf_changed":false,"_et_pb_use_builder":"","_et_pb_old_content":"","_et_gb_content_width":""},"product_brand":[],"product_cat":[24],"product_tag":[],"class_list":{"0":"post-220","1":"product","2":"type-product","3":"status-publish","4":"has-post-thumbnail","6":"product_cat-waverunner","8":"first","9":"instock","10":"virtual","11":"purchasable","12":"product-type-simple"},"acf":[],"_links":{"self":[{"href":"https:\/\/adam-watermotors.de\/ru\/wp-json\/wp\/v2\/product\/220","targetHints":{"allow":["GET"]}}],"collection":[{"href":"https:\/\/adam-watermotors.de\/ru\/wp-json\/wp\/v2\/product"}],"about":[{"href":"https:\/\/adam-watermotors.de\/ru\/wp-json\/wp\/v2\/types\/product"}],"wp:featuredmedia":[{"embeddable":true,"href":"https:\/\/adam-watermotors.de\/ru\/wp-json\/wp\/v2\/media\/312"}],"wp:attachment":[{"href":"https:\/\/adam-watermotors.de\/ru\/wp-json\/wp\/v2\/media?parent=220"}],"wp:term":[{"taxonomy":"product_brand","embeddable":true,"href":"https:\/\/adam-watermotors.de\/ru\/wp-json\/wp\/v2\/product_brand?post=220"},{"taxonomy":"product_cat","embeddable":true,"href":"https:\/\/adam-watermotors.de\/ru\/wp-json\/wp\/v2\/product_cat?post=220"},{"taxonomy":"product_tag","embeddable":true,"href":"https:\/\/adam-watermotors.de\/ru\/wp-json\/wp\/v2\/product_tag?post=220"}],"curies":[{"name":"wp","href":"https:\/\/api.w.org\/{rel}","templated":true}]}}