{"id":958,"date":"2025-07-02T21:46:18","date_gmt":"2025-07-02T19:46:18","guid":{"rendered":"https:\/\/adam-watermotors.de\/?post_type=product&#038;p=958"},"modified":"2025-08-07T08:38:41","modified_gmt":"2025-08-07T06:38:41","slug":"voyager-19-s","status":"publish","type":"product","link":"https:\/\/adam-watermotors.de\/ru\/boote\/voyager-19-s\/","title":{"rendered":"VOYAGER 19 S"},"content":{"rendered":"<h2 data-start=\"0\" data-end=\"46\"><strong data-start=\"23\" data-end=\"46\">Kompakt &amp; Sportlich<\/strong><\/h2>\n<p data-start=\"48\" data-end=\"353\">Die Ranieri Voyager 19 S ist ein sportliches und kompaktes Konsolenboot aus der Open-Line-Serie von Ranieri International. Mit einer L\u00e4nge von 5,65\u202fMetern und einer Breite von 2,20\u202fMetern bietet sie Platz f\u00fcr bis zu 7 Personen \u2013 ideal f\u00fcr Familienausfl\u00fcge, Wassersport oder entspannte Tage auf dem Wasser.<\/p>\n<p data-start=\"644\" data-end=\"1002\">Zur Serienausstattung geh\u00f6ren eine klappbare Fahrersitzbank, mechanische Lenkung, Edelstahl-Handl\u00e4ufe, Navigationsbeleuchtung und eine automatische sowie manuelle Bilgenpumpe. Optional l\u00e4sst sich das Boot mit einem 105-Liter-Tank, einem 40-Liter-Wassertank, LED-Unterwasserbeleuchtung, Wasserski-Kit, Musikanlage oder einer elektrischen Ankerwinde aufr\u00fcsten.<\/p>\n<p data-start=\"1004\" data-end=\"1213\" data-is-last-node=\"\" data-is-only-node=\"\">Die Voyager 19 S vereint italienisches Design mit praktischer Ausstattung und hochwertiger Verarbeitung \u2013 perfekt f\u00fcr Einsteiger wie erfahrene Bootsfahrer, die Wert auf Vielseitigkeit, Stil und Leistung legen.<\/p>","protected":false},"excerpt":{"rendered":"<p>Ranieri Voyager 19 S - \u044d\u0442\u043e \u0443\u043d\u0438\u0432\u0435\u0440\u0441\u0430\u043b\u044c\u043d\u0430\u044f \u043a\u043e\u043d\u0441\u043e\u043b\u044c\u043d\u0430\u044f \u043b\u043e\u0434\u043a\u0430 \u0434\u043b\u0438\u043d\u043e\u0439 5,65 \u043c\u0435\u0442\u0440\u0430, \u0440\u0430\u0441\u0441\u0447\u0438\u0442\u0430\u043d\u043d\u0430\u044f \u043d\u0430 7 \u0447\u0435\u043b\u043e\u0432\u0435\u043a. \u0411\u043b\u0430\u0433\u043e\u0434\u0430\u0440\u044f \u0441\u043f\u043e\u0440\u0442\u0438\u0432\u043d\u043e\u043c\u0443 \u0434\u0438\u0437\u0430\u0439\u043d\u0443, \u0442\u0435\u0445\u043d\u043e\u043b\u043e\u0433\u0438\u0438 HIS stepped hull \u0438 \u0434\u043e\u043f\u043e\u043b\u043d\u0438\u0442\u0435\u043b\u044c\u043d\u043e\u043c\u0443 \u043e\u0431\u043e\u0440\u0443\u0434\u043e\u0432\u0430\u043d\u0438\u044e, \u0442\u0430\u043a\u043e\u043c\u0443 \u043a\u0430\u043a \u043b\u0435\u0436\u0430\u043a \u0434\u043b\u044f \u0437\u0430\u0433\u0430\u0440\u0430, \u043f\u043e\u0440\u0443\u0447\u043d\u0438 \u0438\u0437 \u043d\u0435\u0440\u0436\u0430\u0432\u0435\u044e\u0449\u0435\u0439 \u0441\u0442\u0430\u043b\u0438 \u0438 \u0441\u0432\u0435\u0442\u043e\u0434\u0438\u043e\u0434\u043d\u043e\u0435 \u043e\u0441\u0432\u0435\u0449\u0435\u043d\u0438\u0435, \u043e\u043d\u0430 \u0438\u0434\u0435\u0430\u043b\u044c\u043d\u043e \u043f\u043e\u0434\u0445\u043e\u0434\u0438\u0442 \u0434\u043b\u044f \u043e\u0434\u043d\u043e\u0434\u043d\u0435\u0432\u043d\u044b\u0445 \u043f\u043e\u0435\u0437\u0434\u043e\u043a \u0438 \u0437\u0430\u043d\u044f\u0442\u0438\u0439 \u0432\u043e\u0434\u043d\u044b\u043c\u0438 \u0432\u0438\u0434\u0430\u043c\u0438 \u0441\u043f\u043e\u0440\u0442\u0430. \u041c\u0430\u043a\u0441\u0438\u043c\u0430\u043b\u044c\u043d\u0430\u044f \u043c\u043e\u0449\u043d\u043e\u0441\u0442\u044c \u0434\u0432\u0438\u0433\u0430\u0442\u0435\u043b\u044f \u0441\u043e\u0441\u0442\u0430\u0432\u043b\u044f\u0435\u0442 140 \u043b.\u0441., \u0447\u0442\u043e \u043f\u043e\u0437\u0432\u043e\u043b\u044f\u0435\u0442 \u0440\u0430\u0437\u0432\u0438\u0432\u0430\u0442\u044c \u043c\u0430\u043a\u0441\u0438\u043c\u0430\u043b\u044c\u043d\u0443\u044e \u0441\u043a\u043e\u0440\u043e\u0441\u0442\u044c \u0434\u043e 27 \u0443\u0437\u043b\u043e\u0432.<\/p>","protected":false},"featured_media":1028,"template":"","meta":{"_acf_changed":false,"_et_pb_use_builder":"","_et_pb_old_content":"","_et_gb_content_width":""},"product_brand":[],"product_cat":[23],"product_tag":[],"class_list":{"0":"post-958","1":"product","2":"type-product","3":"status-publish","4":"has-post-thumbnail","6":"product_cat-boote","8":"first","9":"instock","10":"shipping-taxable","11":"purchasable","12":"product-type-simple"},"acf":[],"_links":{"self":[{"href":"https:\/\/adam-watermotors.de\/ru\/wp-json\/wp\/v2\/product\/958","targetHints":{"allow":["GET"]}}],"collection":[{"href":"https:\/\/adam-watermotors.de\/ru\/wp-json\/wp\/v2\/product"}],"about":[{"href":"https:\/\/adam-watermotors.de\/ru\/wp-json\/wp\/v2\/types\/product"}],"wp:featuredmedia":[{"embeddable":true,"href":"https:\/\/adam-watermotors.de\/ru\/wp-json\/wp\/v2\/media\/1028"}],"wp:attachment":[{"href":"https:\/\/adam-watermotors.de\/ru\/wp-json\/wp\/v2\/media?parent=958"}],"wp:term":[{"taxonomy":"product_brand","embeddable":true,"href":"https:\/\/adam-watermotors.de\/ru\/wp-json\/wp\/v2\/product_brand?post=958"},{"taxonomy":"product_cat","embeddable":true,"href":"https:\/\/adam-watermotors.de\/ru\/wp-json\/wp\/v2\/product_cat?post=958"},{"taxonomy":"product_tag","embeddable":true,"href":"https:\/\/adam-watermotors.de\/ru\/wp-json\/wp\/v2\/product_tag?post=958"}],"curies":[{"name":"wp","href":"https:\/\/api.w.org\/{rel}","templated":true}]}}