{"id":998,"date":"2025-07-02T23:28:51","date_gmt":"2025-07-02T21:28:51","guid":{"rendered":"https:\/\/adam-watermotors.de\/?post_type=product&#038;p=998"},"modified":"2025-07-03T00:25:23","modified_gmt":"2025-07-02T22:25:23","slug":"fx-cruiser-svho","status":"publish","type":"product","link":"https:\/\/adam-watermotors.de\/ru\/waverunner\/fx-cruiser-svho\/","title":{"rendered":"FX Cruiser SVHO"},"content":{"rendered":"<h2 class=\"typography__HeadingLevel2-sc-17h5z1x-1 styled__HeadingLevel2Styled-sc-2pzm2i-1 ecXnVa jNUtxF\"><strong>All der Nervenkitzel, all die Entspannung.<\/strong><\/h2>\n<p class=\"typography__RegularTextLevel3-sc-17h5z1x-6 styled__RegularTextLevel3Styled-sc-2pzm2i-2 llHpNi kayiqw\">Beeindruckende Leistung und unglaubliches Handling. Der SVHO-Motor mit Kompressor-Aufladung arbeitet wunderbar mit der schlanken Verkleidungsform und dem leichten Rumpf zusammen, um eine gro\u00dfartige Leistung mit stabilem, agilem Handling zu liefern, die durch unser revolution\u00e4res und intuitiv zu bedienendes RiDE\u00ae-Steuerungssystem erg\u00e4nzt wird.<\/p>\n<p class=\"typography__RegularTextLevel3-sc-17h5z1x-6 llHpNi\">Die hochmodernen, vollelektronischen Steuersysteme machen den FX Cruiser SVHO zu einem Vorreiter in Sachen Komfort, Bequemlichkeit und Kontrolle, mit Funktionen wie Cruise Assist, dreistufigem No-Wake-Modus, elektronischem R\u00fcckw\u00e4rtsgang und T.D.E. (Thrust Directional Enhancement Control) und eine nach hinten ansteigenden Sitzbank f\u00fcr drei Personen.<\/p>","protected":false},"excerpt":{"rendered":"<p>\u041f\u043e\u043a\u043e\u0440\u044f\u0439\u0442\u0435 \u0432\u043e\u043b\u043d\u044b - \u0441 \u0430\u0434\u0440\u0435\u043d\u0430\u043b\u0438\u043d\u043e\u0432\u043e\u0439 \u043f\u0440\u043e\u0438\u0437\u0432\u043e\u0434\u0438\u0442\u0435\u043b\u044c\u043d\u043e\u0441\u0442\u044c\u044e \u0432 \u043d\u043e\u0432\u043e\u043c \u044d\u043b\u0435\u0433\u0430\u043d\u0442\u043d\u043e\u043c \u0447\u0435\u0440\u043d\u043e\u043c \u043a\u043e\u0440\u043f\u0443\u0441\u0435 \u0438 \u0441\u043f\u043e\u0440\u0442\u0438\u0432\u043d\u044b\u043c \u0434\u0438\u0437\u0430\u0439\u043d\u043e\u043c. \u041d\u043e\u0432\u0435\u0439\u0448\u0430\u044f \u043c\u043e\u0434\u0435\u043b\u044c GP HO - \u044d\u0442\u043e \u0447\u0438\u0441\u0442\u0430\u044f \u0441\u043f\u043e\u0440\u0442\u0438\u0432\u043d\u0430\u044f \u043c\u0430\u0448\u0438\u043d\u0430, \u043d\u0430\u0447\u0438\u043d\u0430\u044f \u0441 \u0443\u043b\u044c\u0442\u0440\u0430\u043b\u0435\u0433\u043a\u043e\u0433\u043e \u043a\u043e\u0440\u043f\u0443\u0441\u0430 \u0438 \u0437\u0430\u043a\u0430\u043d\u0447\u0438\u0432\u0430\u044f \u043f\u0435\u0440\u0432\u043e\u0439 \u0432 \u0438\u0441\u0442\u043e\u0440\u0438\u0438 \u0430\u0432\u0442\u043e\u043c\u0430\u0442\u0438\u0447\u0435\u0441\u043a\u043e\u0439 \u043d\u0430\u0441\u0442\u0440\u043e\u0439\u043a\u043e\u0439, \u043a\u043e\u0442\u043e\u0440\u0430\u044f \u043f\u043e\u0437\u0432\u043e\u043b\u044f\u0435\u0442 \u0440\u0430\u0441\u0441\u0435\u043a\u0430\u0442\u044c \u0432\u043e\u043b\u043d\u044b \u043f\u0440\u0438 \u043f\u0440\u043e\u0445\u043e\u0436\u0434\u0435\u043d\u0438\u0438 \u043f\u043e\u0432\u043e\u0440\u043e\u0442\u043e\u0432 \u043a\u0430\u043a \u043d\u0438\u043a\u043e\u0433\u0434\u0430 \u0440\u0430\u043d\u044c\u0448\u0435. \u041a\u0430\u0436\u0434\u0430\u044f \u0438\u0437 \u0435\u0435 \u043e\u0441\u043e\u0431\u0435\u043d\u043d\u043e\u0441\u0442\u0435\u0439 \u0441\u043e\u0437\u0434\u0430\u043d\u0430 \u0434\u043b\u044f \u0437\u0430\u0445\u0432\u0430\u0442\u044b\u0432\u0430\u044e\u0449\u0435\u0433\u043e \u0434\u0432\u0438\u0436\u0435\u043d\u0438\u044f.<\/p>","protected":false},"featured_media":1008,"template":"","meta":{"_acf_changed":false,"_et_pb_use_builder":"","_et_pb_old_content":"","_et_gb_content_width":""},"product_brand":[],"product_cat":[24],"product_tag":[],"class_list":{"0":"post-998","1":"product","2":"type-product","3":"status-publish","4":"has-post-thumbnail","6":"product_cat-waverunner","8":"first","9":"instock","10":"virtual","11":"purchasable","12":"product-type-simple"},"acf":[],"_links":{"self":[{"href":"https:\/\/adam-watermotors.de\/ru\/wp-json\/wp\/v2\/product\/998","targetHints":{"allow":["GET"]}}],"collection":[{"href":"https:\/\/adam-watermotors.de\/ru\/wp-json\/wp\/v2\/product"}],"about":[{"href":"https:\/\/adam-watermotors.de\/ru\/wp-json\/wp\/v2\/types\/product"}],"wp:featuredmedia":[{"embeddable":true,"href":"https:\/\/adam-watermotors.de\/ru\/wp-json\/wp\/v2\/media\/1008"}],"wp:attachment":[{"href":"https:\/\/adam-watermotors.de\/ru\/wp-json\/wp\/v2\/media?parent=998"}],"wp:term":[{"taxonomy":"product_brand","embeddable":true,"href":"https:\/\/adam-watermotors.de\/ru\/wp-json\/wp\/v2\/product_brand?post=998"},{"taxonomy":"product_cat","embeddable":true,"href":"https:\/\/adam-watermotors.de\/ru\/wp-json\/wp\/v2\/product_cat?post=998"},{"taxonomy":"product_tag","embeddable":true,"href":"https:\/\/adam-watermotors.de\/ru\/wp-json\/wp\/v2\/product_tag?post=998"}],"curies":[{"name":"wp","href":"https:\/\/api.w.org\/{rel}","templated":true}]}}